{"id":1272,"date":"2021-11-09T12:49:54","date_gmt":"2021-11-09T12:49:54","guid":{"rendered":"https:\/\/art.its-rb.hr\/?page_id=1272"},"modified":"2021-12-06T12:57:51","modified_gmt":"2021-12-06T12:57:51","slug":"references","status":"publish","type":"page","link":"https:\/\/its-rb.hr\/?page_id=1272&lang=en","title":{"rendered":"References"},"content":{"rendered":"\t\t<div data-elementor-type=\"wp-page\" data-elementor-id=\"1272\" class=\"elementor elementor-1272\" data-elementor-settings=\"[]\">\n\t\t\t\t\t\t\t<div class=\"elementor-section-wrap\">\n\t\t\t\t\t\t\t<section class=\"elementor-section elementor-top-section elementor-element elementor-element-ed4701a elementor-section-boxed elementor-section-height-default elementor-section-height-default\" data-id=\"ed4701a\" data-element_type=\"section\">\n\t\t\t\t\t\t<div class=\"elementor-container elementor-column-gap-default\">\n\t\t\t\t\t<div class=\"elementor-column elementor-col-33 elementor-top-column elementor-element elementor-element-d87df6e\" data-id=\"d87df6e\" data-element_type=\"column\">\n\t\t\t<div class=\"elementor-widget-wrap elementor-element-populated\">\n\t\t\t\t\t\t\t\t<div class=\"elementor-element elementor-element-587d822 elementor-widget elementor-widget-text-editor\" data-id=\"587d822\" data-element_type=\"widget\" data-widget_type=\"text-editor.default\">\n\t\t\t\t<div class=\"elementor-widget-container\">\n\t\t\t\t\t\t\t<ul id=\"reference-list\" class=\"ref-list\"><li>ADRIS GRUPA (TDR) ROVINJ<\/li><li>ALCA ZAGREB<\/li><li>ALGORITAM ZAGREB<\/li><li>ALUMIL BEOGRAD<\/li><li>ASSMANN AUSTRIJA<\/li><li>ATLANTIC GRUPA ZAGREB<\/li><li>BAKMAZ ZADAR<\/li><li>BELUPO KOPRIVNICA<\/li><li>BU\u010cAJ PRI\u0160TINA<\/li><li>CIRCLE INTERNATIONAL ME\u0110UGORJE<\/li><li>DATA GARD BEOGRAD<\/li><li>DHL ZAGREB<\/li><li>DUKAT ZAGREB<\/li><li>DUPIN ZAGREB<\/li><li>ELECTROLUX ZAGREB<\/li><li>ERICSSON NIKOLA TESLA ZAGREB<\/li><li>FEROTHENA ZAGREB<\/li><li>GRAFOTISAK GRUDE<\/li><li>HEMOFARM BANJA LUKA<\/li><li>HIKO TRADE LIMBU\u0160<\/li><li>HOREX TRADE ZAGREB<\/li><li>INA D.D. ZAGREB<\/li><li>INKER ZAPRE\u0160I\u0106<\/li><li>INTERINVEST SARAJEVO<\/li><li>INTRONIC ZAGREB<\/li><li>JAMNICA ZAGREB<\/li><li>JELA JAGODINA<\/li><li>KAUFLAND HRVATSKA ZAGREB<\/li><li>KENDA ZAPRE\u0160I\u0106<\/li><li>KERUM SPLIT<\/li><li>KIM TEC VITEZ<\/li><li>KIND GUMMERSBACH<\/li><li>KOFIKOM SARAJEVO<\/li><\/ul>\t\t\t\t\t\t<\/div>\n\t\t\t\t<\/div>\n\t\t\t\t\t<\/div>\n\t\t<\/div>\n\t\t\t\t<div class=\"elementor-column elementor-col-33 elementor-top-column elementor-element elementor-element-aad57f3\" data-id=\"aad57f3\" data-element_type=\"column\">\n\t\t\t<div class=\"elementor-widget-wrap elementor-element-populated\">\n\t\t\t\t\t\t\t\t<div class=\"elementor-element elementor-element-0992a86 elementor-widget elementor-widget-text-editor\" data-id=\"0992a86\" data-element_type=\"widget\" data-widget_type=\"text-editor.default\">\n\t\t\t\t<div class=\"elementor-widget-container\">\n\t\t\t\t\t\t\t<ul id=\"reference-list\" class=\"ref-list\"><li>KTC KRI\u017dEVCI<\/li><li>LAFRAGGE BEOCIN<\/li><li>LAGERMAX ZAGREB<\/li><li>LEDO ZAGREB<\/li><li>LESNINA LJUBLJANA<\/li><li>LIMMONT VRBANOVEC<\/li><li>LURA KEKSI ZAGREB<\/li><li>M SAN GRUPA ZAGREB<\/li><li>MAGMA ZAGREB<\/li><li>MAK SOK OHRID<\/li><li>MARASKA ZADAR<\/li><li>MATIJEVI\u0106 NOVI SAD<\/li><li>MATIS IVANJICA<\/li><li>MATREX VARA\u017dDIN<\/li><li>MCI POSU\u0160JE<\/li><li>MERKUR ZAGREB<\/li><li>MIFTARICOMMERCE PRI\u0160TINA<\/li><li>OKTALPHARMA ZAGREB<\/li><li>PAISKER NJEMA\u010cKA<\/li><li>\u00a0<\/li><li>PHARMAS POPOVA\u010cA<\/li><li>PIRELLA DANILOVGRAD<\/li><li>PLANET ZAGREB<\/li><li>PODRAVKA KOPRIVNICA<\/li><li>PORTUN FERUM ZAGREB<\/li><li>PPK KUTJEVO<\/li><li>ROBOT KOMERC STOBRE\u010c<\/li><li>SIRELA BJELOVAR<\/li><li>SJEMENARA ZAGREB<\/li><li>SONDER DUX LESKOVAC<\/li><li>SONIK ZADAR<\/li><li>SPORT VISION BEOGRAD, BJELJINA<\/li><li>STOR TECHINCS LTD SOFIA<\/li><\/ul>\t\t\t\t\t\t<\/div>\n\t\t\t\t<\/div>\n\t\t\t\t\t<\/div>\n\t\t<\/div>\n\t\t\t\t<div class=\"elementor-column elementor-col-33 elementor-top-column elementor-element elementor-element-9d87ba8\" data-id=\"9d87ba8\" data-element_type=\"column\">\n\t\t\t<div class=\"elementor-widget-wrap elementor-element-populated\">\n\t\t\t\t\t\t\t\t<div class=\"elementor-element elementor-element-fd7c97d elementor-widget elementor-widget-text-editor\" data-id=\"fd7c97d\" data-element_type=\"widget\" data-widget_type=\"text-editor.default\">\n\t\t\t\t<div class=\"elementor-widget-container\">\n\t\t\t\t\t\t\t<ul id=\"reference-list\" class=\"ref-list\"><li>TARDI ZAGREB<\/li><li>TERMOCCOMERCE ZAGREB<\/li><li>TERRA-RB LJUBLJANA<\/li><li>TOMMY SPLIT<\/li><li>THOMAS KIND GUMMERSBACH<\/li><li>VARA\u017dDINKA VARA\u017dDIN<\/li><li>VIOLETA GRUDE<\/li><li>VITAMINKA BANJA LUKA<\/li><li>VODA PROM<\/li><li>VODOTEHNIKA ZAGREB<\/li><li>WACHEM VARA\u017dDIN<\/li><li>WERKOS OSIJEK<\/li><li>ZADRANKA ZADAR<\/li><li>ZEPTER ZAGREB<\/li><li>\u017dIVA VODA ZAGREB<\/li><li>NOVE REFERENCE&#8230;<\/li><li>PINOLES<\/li><li>KRA\u0160 SPLIT<\/li><li>ORBICO IVANI\u0106 GRAD<\/li><li>K&amp;N SV. NEDELJA<\/li><li>REPRINT ZAGREB<\/li><li>TEN TRGOVINA ZAGREB<\/li><li>KATAPULT ZAGREB<\/li><li>MAGMA ZAGREB<\/li><li>GASTRO GRUPA ZAGREB<\/li><li>FIDER\u0160EK \u017dALEC (SLO)<\/li><li>JE\u017dODNIK \u017dALEC (SLO)<\/li><li>NOVEM \u017dALEC (SLO)<\/li><li>KIPS PODGORICA (MNT)<\/li><li>HIR\u017dIN VARA\u017dDIN<\/li><li>PROMETAL SV. IVAN ZELINA<\/li><\/ul>\t\t\t\t\t\t<\/div>\n\t\t\t\t<\/div>\n\t\t\t\t\t<\/div>\n\t\t<\/div>\n\t\t\t\t\t\t\t<\/div>\n\t\t<\/section>\n\t\t\t\t<section class=\"elementor-section elementor-top-section elementor-element elementor-element-3f2ccf2 elementor-section-boxed elementor-section-height-default elementor-section-height-default\" data-id=\"3f2ccf2\" data-element_type=\"section\">\n\t\t\t\t\t\t<div class=\"elementor-container elementor-column-gap-default\">\n\t\t\t\t\t<div class=\"elementor-column elementor-col-100 elementor-top-column elementor-element elementor-element-07b224d\" data-id=\"07b224d\" data-element_type=\"column\">\n\t\t\t<div class=\"elementor-widget-wrap elementor-element-populated\">\n\t\t\t\t\t\t\t\t<div class=\"elementor-element elementor-element-4a83646 elementor-position-top elementor-vertical-align-top elementor-widget elementor-widget-image-box\" data-id=\"4a83646\" data-element_type=\"widget\" data-widget_type=\"image-box.default\">\n\t\t\t\t<div class=\"elementor-widget-container\">\n\t\t\t<div class=\"elementor-image-box-wrapper\"><figure class=\"elementor-image-box-img\"><img loading=\"lazy\" decoding=\"async\" width=\"1024\" height=\"655\" src=\"https:\/\/its-rb.hr\/wp-content\/uploads\/2021\/10\/karta-referenci-1024x655.png\" class=\"elementor-animation-grow attachment-large size-large\" alt=\"ITS-RB d.o.o. Kri\u017eevci\" \/><\/figure><div class=\"elementor-image-box-content\"><h3 class=\"elementor-image-box-title\">ITS-RB d.o.o. Kri\u017eevci<\/h3><p class=\"elementor-image-box-description\">Warehouse racking system factory<\/p><\/div><\/div>\t\t<\/div>\n\t\t\t\t<\/div>\n\t\t\t\t\t<\/div>\n\t\t<\/div>\n\t\t\t\t\t\t\t<\/div>\n\t\t<\/section>\n\t\t\t\t\t\t<\/div>\n\t\t\t\t\t<\/div>\n\t\t","protected":false},"excerpt":{"rendered":"<p>ADRIS GRUPA (TDR) ROVINJ ALCA ZAGREB ALGORITAM ZAGREB ALUMIL BEOGRAD ASSMANN AUSTRIJA ATLANTIC GRUPA ZAGREB BAKMAZ ZADAR BELUPO KOPRIVNICA BU\u010cAJ PRI\u0160TINA CIRCLE INTERNATIONAL ME\u0110UGORJE DATA GARD BEOGRAD DHL ZAGREB DUKAT ZAGREB DUPIN ZAGREB ELECTROLUX ZAGREB ERICSSON NIKOLA TESLA ZAGREB FEROTHENA ZAGREB GRAFOTISAK GRUDE HEMOFARM BANJA LUKA HIKO TRADE LIMBU\u0160 HOREX TRADE ZAGREB INA D.D. ZAGREB [&hellip;]<\/p>\n","protected":false},"author":2,"featured_media":0,"parent":0,"menu_order":0,"comment_status":"closed","ping_status":"closed","template":"","meta":{"footnotes":""},"class_list":["post-1272","page","type-page","status-publish","hentry"],"yoast_head":"<!-- This site is optimized with the Yoast SEO plugin v17.9 - https:\/\/yoast.com\/wordpress\/plugins\/seo\/ -->\n<title>References - its-rb.hr<\/title>\n<meta name=\"robots\" content=\"index, follow, max-snippet:-1, max-image-preview:large, max-video-preview:-1\" \/>\n<link rel=\"canonical\" href=\"https:\/\/its-rb.hr\/?page_id=1272&#038;lang=en\" \/>\n<meta property=\"og:locale\" content=\"hr_HR\" \/>\n<meta property=\"og:type\" content=\"article\" \/>\n<meta property=\"og:title\" content=\"References - its-rb.hr\" \/>\n<meta property=\"og:description\" content=\"ADRIS GRUPA (TDR) ROVINJ ALCA ZAGREB ALGORITAM ZAGREB ALUMIL BEOGRAD ASSMANN AUSTRIJA ATLANTIC GRUPA ZAGREB BAKMAZ ZADAR BELUPO KOPRIVNICA BU\u010cAJ PRI\u0160TINA CIRCLE INTERNATIONAL ME\u0110UGORJE DATA GARD BEOGRAD DHL ZAGREB DUKAT ZAGREB DUPIN ZAGREB ELECTROLUX ZAGREB ERICSSON NIKOLA TESLA ZAGREB FEROTHENA ZAGREB GRAFOTISAK GRUDE HEMOFARM BANJA LUKA HIKO TRADE LIMBU\u0160 HOREX TRADE ZAGREB INA D.D. ZAGREB [&hellip;]\" \/>\n<meta property=\"og:url\" content=\"https:\/\/its-rb.hr\/?page_id=1272&amp;lang=en\" \/>\n<meta property=\"og:site_name\" content=\"its-rb.hr\" \/>\n<meta property=\"article:modified_time\" content=\"2021-12-06T12:57:51+00:00\" \/>\n<meta property=\"og:image\" content=\"http:\/\/its-rb.hr\/wp-content\/uploads\/2021\/10\/karta-referenci-1024x655.png\" \/>\n<meta name=\"twitter:card\" content=\"summary_large_image\" \/>\n<meta name=\"twitter:label1\" content=\"Procijenjeno vrijeme \u010ditanja\" \/>\n\t<meta name=\"twitter:data1\" content=\"1 minuta\" \/>\n<script type=\"application\/ld+json\" class=\"yoast-schema-graph\">{\"@context\":\"https:\/\/schema.org\",\"@graph\":[{\"@type\":\"Organization\",\"@id\":\"https:\/\/its-rb.hr\/#organization\",\"name\":\"its-rb d.o.o.\",\"url\":\"https:\/\/its-rb.hr\/\",\"sameAs\":[],\"logo\":{\"@type\":\"ImageObject\",\"@id\":\"https:\/\/its-rb.hr\/#logo\",\"inLanguage\":\"hr\",\"url\":\"https:\/\/its-rb.hr\/wp-content\/uploads\/2021\/10\/cropped-Picture1.png\",\"contentUrl\":\"https:\/\/its-rb.hr\/wp-content\/uploads\/2021\/10\/cropped-Picture1.png\",\"width\":512,\"height\":512,\"caption\":\"its-rb d.o.o.\"},\"image\":{\"@id\":\"https:\/\/its-rb.hr\/#logo\"}},{\"@type\":\"WebSite\",\"@id\":\"https:\/\/its-rb.hr\/#website\",\"url\":\"https:\/\/its-rb.hr\/\",\"name\":\"its-rb.hr\",\"description\":\"WIP\",\"publisher\":{\"@id\":\"https:\/\/its-rb.hr\/#organization\"},\"potentialAction\":[{\"@type\":\"SearchAction\",\"target\":{\"@type\":\"EntryPoint\",\"urlTemplate\":\"https:\/\/its-rb.hr\/?s={search_term_string}\"},\"query-input\":\"required name=search_term_string\"}],\"inLanguage\":\"hr\"},{\"@type\":\"ImageObject\",\"@id\":\"https:\/\/its-rb.hr\/?page_id=1272&lang=en#primaryimage\",\"inLanguage\":\"hr\",\"url\":\"http:\/\/its-rb.hr\/wp-content\/uploads\/2021\/10\/karta-referenci-1024x655.png\",\"contentUrl\":\"http:\/\/its-rb.hr\/wp-content\/uploads\/2021\/10\/karta-referenci-1024x655.png\"},{\"@type\":\"WebPage\",\"@id\":\"https:\/\/its-rb.hr\/?page_id=1272&lang=en#webpage\",\"url\":\"https:\/\/its-rb.hr\/?page_id=1272&lang=en\",\"name\":\"References - its-rb.hr\",\"isPartOf\":{\"@id\":\"https:\/\/its-rb.hr\/#website\"},\"primaryImageOfPage\":{\"@id\":\"https:\/\/its-rb.hr\/?page_id=1272&lang=en#primaryimage\"},\"datePublished\":\"2021-11-09T12:49:54+00:00\",\"dateModified\":\"2021-12-06T12:57:51+00:00\",\"breadcrumb\":{\"@id\":\"https:\/\/its-rb.hr\/?page_id=1272&lang=en#breadcrumb\"},\"inLanguage\":\"hr\",\"potentialAction\":[{\"@type\":\"ReadAction\",\"target\":[\"https:\/\/its-rb.hr\/?page_id=1272&lang=en\"]}]},{\"@type\":\"BreadcrumbList\",\"@id\":\"https:\/\/its-rb.hr\/?page_id=1272&lang=en#breadcrumb\",\"itemListElement\":[{\"@type\":\"ListItem\",\"position\":1,\"name\":\"Po\\u010detna stranica\",\"item\":\"https:\/\/its-rb.hr\/\"},{\"@type\":\"ListItem\",\"position\":2,\"name\":\"References\"}]}]}<\/script>\n<!-- \/ Yoast SEO plugin. -->","yoast_head_json":{"title":"References - its-rb.hr","robots":{"index":"index","follow":"follow","max-snippet":"max-snippet:-1","max-image-preview":"max-image-preview:large","max-video-preview":"max-video-preview:-1"},"canonical":"https:\/\/its-rb.hr\/?page_id=1272&lang=en","og_locale":"hr_HR","og_type":"article","og_title":"References - its-rb.hr","og_description":"ADRIS GRUPA (TDR) ROVINJ ALCA ZAGREB ALGORITAM ZAGREB ALUMIL BEOGRAD ASSMANN AUSTRIJA ATLANTIC GRUPA ZAGREB BAKMAZ ZADAR BELUPO KOPRIVNICA BU\u010cAJ PRI\u0160TINA CIRCLE INTERNATIONAL ME\u0110UGORJE DATA GARD BEOGRAD DHL ZAGREB DUKAT ZAGREB DUPIN ZAGREB ELECTROLUX ZAGREB ERICSSON NIKOLA TESLA ZAGREB FEROTHENA ZAGREB GRAFOTISAK GRUDE HEMOFARM BANJA LUKA HIKO TRADE LIMBU\u0160 HOREX TRADE ZAGREB INA D.D. ZAGREB [&hellip;]","og_url":"https:\/\/its-rb.hr\/?page_id=1272&lang=en","og_site_name":"its-rb.hr","article_modified_time":"2021-12-06T12:57:51+00:00","og_image":[{"url":"http:\/\/its-rb.hr\/wp-content\/uploads\/2021\/10\/karta-referenci-1024x655.png"}],"twitter_card":"summary_large_image","twitter_misc":{"Procijenjeno vrijeme \u010ditanja":"1 minuta"},"schema":{"@context":"https:\/\/schema.org","@graph":[{"@type":"Organization","@id":"https:\/\/its-rb.hr\/#organization","name":"its-rb d.o.o.","url":"https:\/\/its-rb.hr\/","sameAs":[],"logo":{"@type":"ImageObject","@id":"https:\/\/its-rb.hr\/#logo","inLanguage":"hr","url":"https:\/\/its-rb.hr\/wp-content\/uploads\/2021\/10\/cropped-Picture1.png","contentUrl":"https:\/\/its-rb.hr\/wp-content\/uploads\/2021\/10\/cropped-Picture1.png","width":512,"height":512,"caption":"its-rb d.o.o."},"image":{"@id":"https:\/\/its-rb.hr\/#logo"}},{"@type":"WebSite","@id":"https:\/\/its-rb.hr\/#website","url":"https:\/\/its-rb.hr\/","name":"its-rb.hr","description":"WIP","publisher":{"@id":"https:\/\/its-rb.hr\/#organization"},"potentialAction":[{"@type":"SearchAction","target":{"@type":"EntryPoint","urlTemplate":"https:\/\/its-rb.hr\/?s={search_term_string}"},"query-input":"required name=search_term_string"}],"inLanguage":"hr"},{"@type":"ImageObject","@id":"https:\/\/its-rb.hr\/?page_id=1272&lang=en#primaryimage","inLanguage":"hr","url":"http:\/\/its-rb.hr\/wp-content\/uploads\/2021\/10\/karta-referenci-1024x655.png","contentUrl":"http:\/\/its-rb.hr\/wp-content\/uploads\/2021\/10\/karta-referenci-1024x655.png"},{"@type":"WebPage","@id":"https:\/\/its-rb.hr\/?page_id=1272&lang=en#webpage","url":"https:\/\/its-rb.hr\/?page_id=1272&lang=en","name":"References - its-rb.hr","isPartOf":{"@id":"https:\/\/its-rb.hr\/#website"},"primaryImageOfPage":{"@id":"https:\/\/its-rb.hr\/?page_id=1272&lang=en#primaryimage"},"datePublished":"2021-11-09T12:49:54+00:00","dateModified":"2021-12-06T12:57:51+00:00","breadcrumb":{"@id":"https:\/\/its-rb.hr\/?page_id=1272&lang=en#breadcrumb"},"inLanguage":"hr","potentialAction":[{"@type":"ReadAction","target":["https:\/\/its-rb.hr\/?page_id=1272&lang=en"]}]},{"@type":"BreadcrumbList","@id":"https:\/\/its-rb.hr\/?page_id=1272&lang=en#breadcrumb","itemListElement":[{"@type":"ListItem","position":1,"name":"Po\u010detna stranica","item":"https:\/\/its-rb.hr\/"},{"@type":"ListItem","position":2,"name":"References"}]}]}},"_links":{"self":[{"href":"https:\/\/its-rb.hr\/index.php?rest_route=\/wp\/v2\/pages\/1272","targetHints":{"allow":["GET"]}}],"collection":[{"href":"https:\/\/its-rb.hr\/index.php?rest_route=\/wp\/v2\/pages"}],"about":[{"href":"https:\/\/its-rb.hr\/index.php?rest_route=\/wp\/v2\/types\/page"}],"author":[{"embeddable":true,"href":"https:\/\/its-rb.hr\/index.php?rest_route=\/wp\/v2\/users\/2"}],"replies":[{"embeddable":true,"href":"https:\/\/its-rb.hr\/index.php?rest_route=%2Fwp%2Fv2%2Fcomments&post=1272"}],"version-history":[{"count":0,"href":"https:\/\/its-rb.hr\/index.php?rest_route=\/wp\/v2\/pages\/1272\/revisions"}],"wp:attachment":[{"href":"https:\/\/its-rb.hr\/index.php?rest_route=%2Fwp%2Fv2%2Fmedia&parent=1272"}],"curies":[{"name":"wp","href":"https:\/\/api.w.org\/{rel}","templated":true}]}}