{"id":1731,"date":"2021-11-30T13:27:55","date_gmt":"2021-11-30T13:27:55","guid":{"rendered":"http:\/\/its-rb.hr\/?page_id=1731"},"modified":"2021-12-29T13:14:28","modified_gmt":"2021-12-29T13:14:28","slug":"pravila-privatnosti","status":"publish","type":"page","link":"https:\/\/its-rb.hr\/?page_id=1731","title":{"rendered":"Pravila privatnosti"},"content":{"rendered":"\t\t<div data-elementor-type=\"wp-page\" data-elementor-id=\"1731\" class=\"elementor elementor-1731\" data-elementor-settings=\"[]\">\n\t\t\t\t\t\t\t<div class=\"elementor-section-wrap\">\n\t\t\t\t\t\t\t<section class=\"elementor-section elementor-top-section elementor-element elementor-element-4d9eddf elementor-section-boxed elementor-section-height-default elementor-section-height-default\" data-id=\"4d9eddf\" data-element_type=\"section\">\n\t\t\t\t\t\t<div class=\"elementor-container elementor-column-gap-default\">\n\t\t\t\t\t<div class=\"elementor-column elementor-col-100 elementor-top-column elementor-element elementor-element-35201a9\" data-id=\"35201a9\" data-element_type=\"column\">\n\t\t\t<div class=\"elementor-widget-wrap elementor-element-populated\">\n\t\t\t\t\t\t\t\t<div class=\"elementor-element elementor-element-40c50a7 elementor-widget elementor-widget-text-editor\" data-id=\"40c50a7\" data-element_type=\"widget\" data-widget_type=\"text-editor.default\">\n\t\t\t\t<div class=\"elementor-widget-container\">\n\t\t\t\t\t\t\t<p>POLITIKA PRIVATNOSTI<\/p><p>Ova Politika privatnosti utemeljena na Op\u0107oj uredbi o za\u0161titi podataka (GDPR) obja\u0161njava koji se osobni podaci prikupljaju u vezi s pru\u017eanjem na\u0161ih usluga, kako te podatke obra\u0111ujemo, koristimo i \u0161titimo, u koje ih svrhe upotrebljavamo, kao i Va\u0161a prava povezana s Va\u0161im podacima.\u00a0<\/p><p>NA\u0160E TEMELJNO NA\u010cELO JE PRIVATNOST I ZA\u0160TITA OSOBNIH PODATAKA<\/p><p>Privatnost pojedinaca i za\u0161tita osobnih podataka ljudska su prava.<\/p><p>Mi u ITS-RB d.o.o. imamo du\u017enost brinuti za pojedince \u010dije osobne podatke obra\u0111ujemo i pohranjujemo.<\/p><p>Podaci su odgovornost i moraju se prikupljati i obra\u0111ivati samo kada je apsolutno neophodno.<\/p><p>ITS-RB d.o.o. dr\u017ei se sljede\u0107ih na\u010dela s ciljem za\u0161tite privatnosti svojih klijenata:<\/p><ul><li>Ne prikupljamo vi\u0161e informacija nego \u0161to je potrebno.<\/li><li>Osobne podatke ne koristimo u svrhe koje nisu navedene.<\/li><li>Ne \u010duvamo osobne podatke ako vi\u0161e nije potrebno.<\/li><li>Nikada ne prodajemo, posu\u0111ujemo ili distribuiramo niti javno objavljujemo osobne podatke.<\/li><li>Osobne podatke ne \u0161aljemo tre\u0107im stranama bez Va\u0161eg znanja.<\/li><li>Ne koristimo nikakvu automatiziranu obradu i dono\u0161enje odluka niti profiliranje.<\/li><li>Osobne podatke ne prenosimo izvan EU\/EEA.<\/li><li>Kontinuirano osiguravamo da su osobni podaci sigurno pohranjeni.<\/li><\/ul><p>VODITELJ OBRADE<\/p><p>ITS-RB dru\u0161tvo s ograni\u010denom odgovorno\u0161\u0107u za proizvodnju metalnih konstrukcija (ITS-RB d.o.o.) nastupa u odnosu na Va\u0161e osobne podatke, na\u0161ih sada\u0161njih i potencijalnih poslovnih partnera te potencijalnih zaposlenika, u ulozi voditelja obrade koji odre\u0111uje svrhe i na\u010dine obrade Va\u0161ih osobnih podataka i brine o osiguravanju svih mjera sigurnosti Va\u0161ih osobnih podataka.<\/p><p>KAKO I KOJE VA\u0160E PODATKE PRIKUPLJAMO?<\/p><p>Prikupljamo Va\u0161e podatke koje nam Vi stavljate na raspolaganje prilikom namjere sklapanja poslovne suradnje i koji su potrebni za izvr\u0161avanje ugovora, kao \u0161to su ime i prezime, adresa, naziv tvrtke, podaci za kontakt (adresa e-po\u0161te, broj telefona), te ih obra\u0111ujemo tijekom trajanja na\u0161eg ugovornog odnosa i sukladno porezno-ra\u010dunovodstvenim propisima. To uklju\u010duje i podatke neophodne za isporuku ugovorenih usluga, te izdavanje ra\u010duna, podatke koji dokazuju ovla\u0161tenje za sklapanje ugovora i podatke prikupljene prilikom komunikacije s nama (npr. kontaktni podaci).<\/p><p>Ukoliko se prijavite za zaposlenje temeljem Natje\u010daja na ovim web stranicama, prikupljamo Va\u0161 \u017eivotopis i zamolbu te odre\u0111en skup Va\u0161ih osobnih podataka, koji nam bitno poma\u017eu da prona\u0111emo najprikladnije radno mjesto u na\u0161oj organizaciji sukladno Va\u0161oj stru\u010dnosti i iskustvu, a ukoliko Vas u danom trenutku ne mo\u017eemo zaposliti, Va\u0161e podatke \u010duvamo jo\u0161 dvije godine za svrhe Va\u0161eg mogu\u0107eg zapo\u0161ljavanja u tom razdoblju, a nakon tog roka samo temeljem Va\u0161e privole. Svakako, Vi imate pravo zatra\u017eiti brisanje Va\u0161ih podataka i temeljem Va\u0161eg zahtjeva mi \u0107emo Va\u0161e podatke, \u017eivotopise, zamolbe i dokumentaciju trajno i na siguran na\u010din izbrisati i uni\u0161titi.<\/p><p>Iako mo\u017eete koristiti na\u0161u web stranicu bez davanja bilo kakvih osobnih podataka, nakon \u0161to nas kontaktirate putem na\u0161eg kontakt obrasca ili izravno putem na\u0161ih e-mail adresa, ITS-RB d.o.o. prikuplja informacije o Vama. Informacije koje ispunite (osobne informacije kao \u0161to su Va\u0161e ime, telefon, adresa e-po\u0161te, organizacija) ili po\u0161aljete izravnom porukom e-po\u0161te bit \u0107e obra\u0111ene i pohranjene kako bismo Vas mogli kontaktirati i odgovoriti na Va\u0161 zahtjev. ITS-RB d.o.o. ne\u0107e dijeliti Va\u0161e osobne podatke s bilo kojom tre\u0107om stranom. Na Va\u0161 inicijalni upit putem na\u0161eg kontakt obrasca na web stranici ili izravno na na\u0161e e-mail adrese, odgovoriti \u0107emo na Va\u0161 zahtjev. Ako daljnja komunikacija izme\u0111u Vas i ITS-RB d.o.o. ne\u0107e postojati, nakon 6 mjeseci izbrisat \u0107emo sve Va\u0161e osobne podatke.<\/p><p>Ako ste mla\u0111i od 16 godina morate prilo\u017eiti suglasnost roditelja ili nositelja roditeljske odgovornosti prije davanja osobnih podataka.<\/p><p>KOLA\u010cI\u0106I (COOKIES)<\/p><p>Kola\u010di\u0107i su male tekstualne datoteke postavljene na Va\u0161im ra\u010dunalima koje poma\u017eu prilago\u0111avanju su\u010delja internetskog preglednika. Na primjer, kola\u010di\u0107i se mogu koristiti za pohranjivanje podataka o registraciji na internetskoj stranici tako da ih korisnik ne mora ponovno unositi pri narednom posje\u0107ivanju stranice.<\/p><p>Da bismo ispravno upravljali na\u0161om internetskom stranicom, putem kori\u0161tenja neophodnih kola\u010di\u0107a spremamo anonimne podatke u nas\u030cim sustavima radi osiguranja funkcionalnosti internetske stranice, a da pritom ne obra\u0111ujemo Vas\u030ce osobne podatke. Tako\u0111er na\u0161a stranica mo\u017ee instalirati i ostale kola\u010di\u0107e ali tek po Va\u0161em pristanku, a ukoliko i date pristanak uvijek ga mo\u017eete naknadno i povu\u0107i bez posljedica na pregledavanje na\u0161e stranice.<\/p><p>Vrste kola\u010di\u0107a<\/p><p>Kola\u010di\u0107i sesije i Trajni kola\u010di\u0107i<\/p><p>Kola\u010di\u0107i sesije (session cookies) su privremeni kola\u010di\u0107i koji istje\u010du nakon \u0161to napustite web stranicu. Ti kola\u010di\u0107i su obvezni za pravilan rad odre\u0111enih aplikacija ili funkcionalnosti na ovoj Stranici.<\/p><p>Trajni kola\u010di\u0107i (persistent cookies) se koriste radi pobolj\u0161anja iskustva na\u0161ih korisnika (npr. pam\u0107enje detalja prijave, tako da ih ne morate upisati svaki put kada posjetite web stranicu). Ti kola\u010di\u0107i ostaju u kola\u010di\u0107 datoteci Va\u0161eg preglednika du\u017ee vrijeme. Taj vremenski period ovisit \u0107e o izboru postavki na Va\u0161em Internet pregledniku. Trajni kola\u010di\u0107i omogu\u0107uju da se podaci prenesu na web server svaki put kada posjetite stranicu.<\/p><p>Kola\u010di\u0107i prve i tre\u0107e strane<\/p><p>Kola\u010di\u0107i prve strane (first-party cookies) \u2013 izdaje ih ova Internet stranica. Ovi kola\u010di\u0107i \u010desto slu\u017ee za pravilan rad web stranice te za pam\u0107enje Va\u0161ih preferenci na web stranici.<\/p><p>Kola\u010di\u0107i tre\u0107e strane (third-party cookies) su kola\u010di\u0107i koji su postavljeni od strane druge web stranice ili usluge kao \u0161to je npr. YouTube. Nemamo pristup ni kontrolu nad ovim kola\u010di\u0107ima. Trebate se konzultirati odgovaraju\u0107im pravilima o privatnosti tih tre\u0107ih strana. Ako se nalazite u Europskoj uniji mo\u017eete saznati vi\u0161e o tome kako tre\u0107e strane koriste ove vrste kola\u010di\u0107a na sljede\u0107em linku: http:\/\/www.youronlinechoices.eu\/.<\/p><p>Neophodni i ostali kola\u010di\u0107i<\/p><p>Neophodni kola\u010di\u0107i su neophodni za rad na\u0161e web stranice i kori\u0161tenje njegovih zna\u010dajki i\/ili usluga. Na primjer, omogu\u0107uju Vam navigaciju po web stranici i mogu\u0107nost prijave u sigurna podru\u010dja. Kori\u0161tenjem ove Internet stranice automatski dajete privolu na uporabu neophodnih kola\u010di\u0107a bez kojih web stranica ne mo\u017ee funkcionirati.<\/p><p>Kola\u010di\u0107i za performanse prikupljaju informacije o tome kako posjetitelji upotrebljavaju na\u0161u web stranicu, na primjer, na koje stranice posjetitelji naj\u010de\u0161\u0107e dolaze i ako dobiju poruke o pogre\u0161kama s tih stranica. Ovi kola\u010di\u0107i ne prikupljaju podatke koji identificiraju posjetitelja. Sve informacije koje prikupljaju ovi kola\u010di\u0107i su anonimne. Koriste se samo za pobolj\u0161anje funkcioniranja ove web stranice.<\/p><p>Funkcionalni kola\u010di\u0107i omogu\u0107uju na\u0161oj web stranici da pamti odabire i prilagodbe koje ste napravili tijekom posjeta i pru\u017eaju pobolj\u0161ane osobne zna\u010dajke. Na primjer, pam\u0107enje promjena jezi\u010dnih postavki ili preferencije valute. Tako\u0111er se mogu koristiti kako bi se omogu\u0107ilo tre\u0107im stranama (kao \u0161to je AddThis) kako bi pru\u017eili alate za dru\u0161tveno dijeljenje i zapamtili Va\u0161e \u017eeljene usluge dijeljenja.<\/p><p>Marketing kola\u010di\u0107i se koriste za pra\u0107enje posjetitelja preko web stranice. Namjera je prikazati oglase koji su relevantni i zanimljivi za pojedinog korisnika, a time i vi\u0161e vrijedni za izdava\u010de i ogla\u0161ava\u010de tre\u0107ih strana.<\/p><p>Na\u0161a web stranica koristi slijede\u0107e kola\u010di\u0107e:<\/p><p>Neophodni kola\u010di\u0107i\u00a0\u00a0\u00a0\u00a0\u00a0\u00a0\u00a0\u00a0\u00a0\u00a0\u00a0\u00a0\u00a0\u00a0\u00a0\u00a0\u00a0\u00a0\u00a0\u00a0 Trajanje\u00a0\u00a0\u00a0 Opis<\/p><p>apptoken\u00a0\u00a0\u00a0\u00a0\u00a0\u00a0\u00a0\u00a0\u00a0\u00a0\u00a0\u00a0\u00a0\u00a0\u00a0\u00a0\u00a0\u00a0\u00a0\u00a0\u00a0\u00a0\u00a0\u00a0\u00a0\u00a0\u00a0\u00a0\u00a0\u00a0\u00a0\u00a0\u00a0\u00a0 1 godina\u00a0\u00a0\u00a0\u00a0 Funkcionalnost web stranice<\/p><p>cmslog\u00a0\u00a0\u00a0\u00a0\u00a0\u00a0\u00a0\u00a0\u00a0\u00a0\u00a0\u00a0\u00a0\u00a0\u00a0\u00a0\u00a0\u00a0\u00a0\u00a0\u00a0\u00a0\u00a0\u00a0\u00a0\u00a0\u00a0\u00a0\u00a0\u00a0\u00a0\u00a0\u00a0\u00a0\u00a0\u00a0\u00a0\u00a0 1 dan\u00a0\u00a0\u00a0\u00a0\u00a0\u00a0\u00a0\u00a0\u00a0 Funkcionalnost web stranice<\/p><p>Neobavezni kola\u010di\u0107i\u00a0\u00a0\u00a0\u00a0\u00a0\u00a0\u00a0\u00a0\u00a0\u00a0\u00a0\u00a0\u00a0\u00a0\u00a0\u00a0\u00a0 Trajanje\u00a0\u00a0\u00a0\u00a0\u00a0 Opis<\/p><p>_ga\u00a0\u00a0\u00a0\u00a0\u00a0\u00a0\u00a0\u00a0\u00a0\u00a0\u00a0\u00a0\u00a0\u00a0\u00a0\u00a0\u00a0\u00a0\u00a0\u00a0\u00a0\u00a0\u00a0\u00a0\u00a0\u00a0\u00a0\u00a0\u00a0\u00a0\u00a0\u00a0\u00a0\u00a0\u00a0\u00a0\u00a0\u00a0\u00a0\u00a0\u00a0\u00a0 2 godine\u00a0\u00a0\u00a0\u00a0\u00a0 Google Analytics, za razlikovanje korisnika za statisti\u010dke svrhe<\/p><p>_gat\u00a0\u00a0\u00a0\u00a0\u00a0\u00a0\u00a0\u00a0\u00a0\u00a0\u00a0\u00a0\u00a0\u00a0\u00a0\u00a0\u00a0\u00a0\u00a0\u00a0\u00a0\u00a0\u00a0\u00a0\u00a0\u00a0\u00a0\u00a0\u00a0\u00a0\u00a0\u00a0\u00a0\u00a0\u00a0\u00a0\u00a0\u00a0\u00a0\u00a0\u00a0 1 dan\u00a0\u00a0\u00a0\u00a0\u00a0\u00a0\u00a0\u00a0\u00a0\u00a0 Google Analytics, za usporavanje slanja zahtjeva<\/p><p>_gid\u00a0\u00a0\u00a0\u00a0\u00a0\u00a0\u00a0\u00a0\u00a0\u00a0\u00a0\u00a0\u00a0\u00a0\u00a0\u00a0\u00a0\u00a0\u00a0\u00a0\u00a0\u00a0\u00a0\u00a0\u00a0\u00a0\u00a0\u00a0\u00a0\u00a0\u00a0\u00a0\u00a0\u00a0\u00a0\u00a0\u00a0\u00a0\u00a0\u00a0\u00a0 1 dan\u00a0\u00a0\u00a0\u00a0\u00a0\u00a0\u00a0\u00a0\u00a0\u00a0 Google Analytics, za razlikovanje korisnika.<\/p><p>collect\u00a0\u00a0\u00a0\u00a0\u00a0\u00a0\u00a0\u00a0\u00a0\u00a0\u00a0\u00a0\u00a0\u00a0\u00a0\u00a0\u00a0\u00a0\u00a0\u00a0\u00a0\u00a0\u00a0\u00a0\u00a0\u00a0\u00a0\u00a0\u00a0\u00a0\u00a0\u00a0\u00a0\u00a0\u00a0\u00a0\u00a0\u00a0 sesijski\u00a0\u00a0\u00a0\u00a0\u00a0\u00a0\u00a0 Google Analytics, za pra\u0107enje pona\u0161anja posjetitelja<\/p><p>test_cookie\u00a0\u00a0\u00a0\u00a0\u00a0\u00a0\u00a0\u00a0\u00a0\u00a0\u00a0\u00a0\u00a0\u00a0\u00a0\u00a0\u00a0\u00a0\u00a0\u00a0\u00a0\u00a0\u00a0\u00a0\u00a0\u00a0\u00a0\u00a0\u00a0\u00a0 1 dan\u00a0\u00a0\u00a0\u00a0\u00a0\u00a0\u00a0\u00a0\u00a0\u00a0 Provjera podr\u017eava li preglednik kola\u010di\u0107e<\/p><p>yt-remote-fast-check-period\u00a0\u00a0 sesijski\u00a0\u00a0\u00a0\u00a0\u00a0\u00a0\u00a0 YouTube, pohrana parametara za pregled video sadr\u017eaja<\/p><p>yt-remote-session-app\u00a0\u00a0\u00a0\u00a0\u00a0\u00a0\u00a0\u00a0\u00a0\u00a0\u00a0 sesijski\u00a0\u00a0\u00a0\u00a0\u00a0\u00a0\u00a0 YouTube, pohrana parametara za pregled video sadr\u017eaja<\/p><p>yt-remote-session-name\u00a0\u00a0\u00a0\u00a0\u00a0\u00a0\u00a0\u00a0 sesijski\u00a0\u00a0\u00a0\u00a0\u00a0\u00a0\u00a0 YouTube, pohrana parametara za pregled video sadr\u017ea<\/p><p>OVLA\u0160TENI VANJSKI IZVR\u0160ITELJI OBRADE<\/p><p>Sura\u0111ujemo s partnerima koji nam poma\u017eu pru\u017eati i unaprje\u0111ivati na\u0161e usluge i proizvode te \u010diniti na\u0161u direktnu komunikaciju s vama u\u010dinkovitijom. Pristup Va\u0161im osobnim podacima pru\u017eamo ovla\u0161tenim vanjskim izvr\u0161iteljima obrade u svrhu obrade osobnih podataka za ITS-RB d.o.o. na temelju na\u0161ih izri\u010ditih uputa i putem sklopljenih ugovora. Ti su partneri obvezni strogo po\u0161tivati obvezu povjerljivosti u skladu s ovom Politikom privatnosti, ugovorima koje smo s njima sklopili i u skladu s obvezama iz Op\u0107e uredbe o za\u0161titi podataka.<\/p><p>Na\u0161i su izabrani vanjski izvr\u0161itelji obrade prije svega partneri i tvrtke koja za nas osiguravaju IT podr\u0161ku, odr\u017eavanje poslovnih aplikacija, odr\u017eavanje sustava video-nadzora, za\u0161titu zaposlenika i imovine i za druge usluge u vezi s predmetom na\u0161eg poslovanja, bez kojih ne bismo bili u mogu\u0107nosti osigurati ispunjenje na\u0161ih ugovornih obveza prema vama i osigurati visoku razinu kvalitete na\u0161ih usluga.<\/p><p>INFORMACIJSKA SIGURNOST<\/p><p>Osiguravamo da su Va\u0161i osobni podaci za\u0161ti\u0107eni od slu\u010dajnog ili nezakonitog uni\u0161tenja, gubitka, izmjene, neovla\u0161tenog otkrivanja ili pristupa osobnim podacima koji se prenose, pohranjuju ili se na drugi na\u010din obra\u0111uju. To se provodi kroz odgovaraju\u0107e profesionalne tehni\u010dke mjere i pomno birane poslovne partnere.<\/p><p>VA\u0160A PRAVA:<\/p><p>U bilo kojem trenutku slobodni ste nas kontaktirati u svrhu:<\/p><p>PRISTUPA svim osobnim podacima koje je ITS-RB d.o.o. prikupio o Vama,<\/p><p>ISPRAVLJANJA osobnih podataka koje ITS-RB d.o.o. \u00a0ima o Vama,<\/p><p>BRISANJA svih osobnih podataka koje je ITS-RB d.o.o. prikupio o Vama,<\/p><p>OGRANI\u010cAVANJA obrade Va\u0161ih osobnih podataka od strane ITS-RB d.o.o.,<\/p><p>PRIGOVORA na obradu Va\u0161ih osobnih podataka od strane ITS-RB d.o.o., ili<\/p><p>ZAHTJEVA za Va\u0161im osobnim podacima koje ITS-RB d.o.o. ima, u svrhu prijenosa tre\u0107oj strani.<\/p><p>Ukoliko \u017eelite iskoristiti bilo koje od prethodno navedenih prava, budite slobodni:<\/p><ul><li>poslati upit putem na\u0161eg kontakt obrasca na internetskoj stranici ili<\/li><li>poslati e-po\u0161tu na its@its-rb.hr, ili<\/li><li>poslati svoj zahtjev na adresu: Nikole Tesle 38, Kri\u017eevci 48260, R. Hrvatska<\/li><\/ul><p>Na Va\u0161 \u0107emo zahtjev odgovoriti u najkra\u0107em mogu\u0107em roku, a najkasnije 30 dana od primitka Va\u0161eg zahtjeva. U slu\u010daju nemogu\u0107nosti sigurne potvrde Va\u0161eg identiteta bit \u0107emo slobodni zatra\u017eiti dodatnu provjeru Va\u0161eg identiteta.<\/p><p>\u200bPRAVO NA PODNO\u0160ENJE PRIGOVORA NADLE\u017dNOM TIJELU<\/p><p>U svakom trenutku mo\u017eete ulo\u017eiti prigovor izravno nadle\u017enom nadzornom tijelu, posebice u zemlji EU-a u kojoj imate uobi\u010dajeno boravi\u0161te, mjesto rada ili mjesto navodnog kr\u0161enja, ako smatrate da na\u0161a obrada Va\u0161ih osobnih podataka nije zakonita.<\/p><p>Izravni kontakti nadle\u017enog nadzornog tijela u Republici Hrvatskoj su:<\/p><table><tbody><tr><td width=\"301\"><p>AGENCIJA ZA ZA\u0160TITU OSOBNIH PODATAKA (AZOP)<\/p><p>Selska cesta 136<\/p><p>HR \u2013 10 000 Zagreb<\/p><\/td><td width=\"301\"><p>Telefon: +385 1 4609 000<\/p><p>Fax: +385 1 4609 099<\/p><p>e-mail: azop@azop.hr<\/p><p>Web: http:\/\/www.azop.hr\u00a0<\/p><\/td><\/tr><\/tbody><\/table><p>A\u017dURIRANJE OVE POLITIKE PRIVATNOSTI<\/p><p>Zadr\u017eavamo pravo da tekst ove Politike privatnosti povremeno prilago\u0111avamo prije svega u svrhu po\u0161tivanja zakonskih promjena, odnosno, promjena u svrhama i na\u010dinima obrade. Me\u0111utim, Va\u0161a prava, koja proizlaze iz ove Politike privatnosti ili iz odgovaraju\u0107ih zakonskih propisa, ne\u0107emo ograni\u010davati. U slu\u010daju da do\u0111e do promjena koja mogu utjecati na Va\u0161a prava, o tome \u0107emo Vas pravovremeno i izravno obavijestiti na prikladan na\u010din.<\/p><p>\u200bRedovito a\u017euriramo na\u0161u Politiku privatnosti kako bismo unaprijedili\u00a0 za\u0161titu Va\u0161ih podataka.<\/p><p>Ova Politika privatnosti a\u017eurirana je 1.studenog 2021. godine.<\/p>\t\t\t\t\t\t<\/div>\n\t\t\t\t<\/div>\n\t\t\t\t\t<\/div>\n\t\t<\/div>\n\t\t\t\t\t\t\t<\/div>\n\t\t<\/section>\n\t\t\t\t\t\t<\/div>\n\t\t\t\t\t<\/div>\n\t\t","protected":false},"excerpt":{"rendered":"<p>POLITIKA PRIVATNOSTI Ova Politika privatnosti utemeljena na Op\u0107oj uredbi o za\u0161titi podataka (GDPR) obja\u0161njava koji se osobni podaci prikupljaju u vezi s pru\u017eanjem na\u0161ih usluga, kako te podatke obra\u0111ujemo, koristimo i \u0161titimo, u koje ih svrhe upotrebljavamo, kao i Va\u0161a prava povezana s Va\u0161im podacima.\u00a0 NA\u0160E TEMELJNO NA\u010cELO JE PRIVATNOST I ZA\u0160TITA OSOBNIH PODATAKA Privatnost [&hellip;]<\/p>\n","protected":false},"author":2,"featured_media":0,"parent":0,"menu_order":0,"comment_status":"closed","ping_status":"closed","template":"","meta":{"footnotes":""},"class_list":["post-1731","page","type-page","status-publish","hentry"],"yoast_head":"<!-- This site is optimized with the Yoast SEO plugin v17.9 - https:\/\/yoast.com\/wordpress\/plugins\/seo\/ -->\n<title>Pravila privatnosti - its-rb.hr<\/title>\n<meta name=\"robots\" content=\"index, follow, max-snippet:-1, max-image-preview:large, max-video-preview:-1\" \/>\n<link rel=\"canonical\" href=\"https:\/\/its-rb.hr\/?page_id=1731\" \/>\n<meta property=\"og:locale\" content=\"hr_HR\" \/>\n<meta property=\"og:type\" content=\"article\" \/>\n<meta property=\"og:title\" content=\"Pravila privatnosti - its-rb.hr\" \/>\n<meta property=\"og:description\" content=\"POLITIKA PRIVATNOSTI Ova Politika privatnosti utemeljena na Op\u0107oj uredbi o za\u0161titi podataka (GDPR) obja\u0161njava koji se osobni podaci prikupljaju u vezi s pru\u017eanjem na\u0161ih usluga, kako te podatke obra\u0111ujemo, koristimo i \u0161titimo, u koje ih svrhe upotrebljavamo, kao i Va\u0161a prava povezana s Va\u0161im podacima.\u00a0 NA\u0160E TEMELJNO NA\u010cELO JE PRIVATNOST I ZA\u0160TITA OSOBNIH PODATAKA Privatnost [&hellip;]\" \/>\n<meta property=\"og:url\" content=\"https:\/\/its-rb.hr\/?page_id=1731\" \/>\n<meta property=\"og:site_name\" content=\"its-rb.hr\" \/>\n<meta property=\"article:modified_time\" content=\"2021-12-29T13:14:28+00:00\" \/>\n<meta name=\"twitter:card\" content=\"summary_large_image\" \/>\n<meta name=\"twitter:label1\" content=\"Procijenjeno vrijeme \u010ditanja\" \/>\n\t<meta name=\"twitter:data1\" content=\"10 minuta\" \/>\n<script type=\"application\/ld+json\" class=\"yoast-schema-graph\">{\"@context\":\"https:\/\/schema.org\",\"@graph\":[{\"@type\":\"Organization\",\"@id\":\"https:\/\/its-rb.hr\/#organization\",\"name\":\"its-rb d.o.o.\",\"url\":\"https:\/\/its-rb.hr\/\",\"sameAs\":[],\"logo\":{\"@type\":\"ImageObject\",\"@id\":\"https:\/\/its-rb.hr\/#logo\",\"inLanguage\":\"hr\",\"url\":\"https:\/\/its-rb.hr\/wp-content\/uploads\/2021\/10\/cropped-Picture1.png\",\"contentUrl\":\"https:\/\/its-rb.hr\/wp-content\/uploads\/2021\/10\/cropped-Picture1.png\",\"width\":512,\"height\":512,\"caption\":\"its-rb d.o.o.\"},\"image\":{\"@id\":\"https:\/\/its-rb.hr\/#logo\"}},{\"@type\":\"WebSite\",\"@id\":\"https:\/\/its-rb.hr\/#website\",\"url\":\"https:\/\/its-rb.hr\/\",\"name\":\"its-rb.hr\",\"description\":\"WIP\",\"publisher\":{\"@id\":\"https:\/\/its-rb.hr\/#organization\"},\"potentialAction\":[{\"@type\":\"SearchAction\",\"target\":{\"@type\":\"EntryPoint\",\"urlTemplate\":\"https:\/\/its-rb.hr\/?s={search_term_string}\"},\"query-input\":\"required name=search_term_string\"}],\"inLanguage\":\"hr\"},{\"@type\":\"WebPage\",\"@id\":\"https:\/\/its-rb.hr\/?page_id=1731#webpage\",\"url\":\"https:\/\/its-rb.hr\/?page_id=1731\",\"name\":\"Pravila privatnosti - its-rb.hr\",\"isPartOf\":{\"@id\":\"https:\/\/its-rb.hr\/#website\"},\"datePublished\":\"2021-11-30T13:27:55+00:00\",\"dateModified\":\"2021-12-29T13:14:28+00:00\",\"breadcrumb\":{\"@id\":\"https:\/\/its-rb.hr\/?page_id=1731#breadcrumb\"},\"inLanguage\":\"hr\",\"potentialAction\":[{\"@type\":\"ReadAction\",\"target\":[\"https:\/\/its-rb.hr\/?page_id=1731\"]}]},{\"@type\":\"BreadcrumbList\",\"@id\":\"https:\/\/its-rb.hr\/?page_id=1731#breadcrumb\",\"itemListElement\":[{\"@type\":\"ListItem\",\"position\":1,\"name\":\"Po\\u010detna stranica\",\"item\":\"https:\/\/its-rb.hr\/\"},{\"@type\":\"ListItem\",\"position\":2,\"name\":\"Pravila privatnosti\"}]}]}<\/script>\n<!-- \/ Yoast SEO plugin. -->","yoast_head_json":{"title":"Pravila privatnosti - its-rb.hr","robots":{"index":"index","follow":"follow","max-snippet":"max-snippet:-1","max-image-preview":"max-image-preview:large","max-video-preview":"max-video-preview:-1"},"canonical":"https:\/\/its-rb.hr\/?page_id=1731","og_locale":"hr_HR","og_type":"article","og_title":"Pravila privatnosti - its-rb.hr","og_description":"POLITIKA PRIVATNOSTI Ova Politika privatnosti utemeljena na Op\u0107oj uredbi o za\u0161titi podataka (GDPR) obja\u0161njava koji se osobni podaci prikupljaju u vezi s pru\u017eanjem na\u0161ih usluga, kako te podatke obra\u0111ujemo, koristimo i \u0161titimo, u koje ih svrhe upotrebljavamo, kao i Va\u0161a prava povezana s Va\u0161im podacima.\u00a0 NA\u0160E TEMELJNO NA\u010cELO JE PRIVATNOST I ZA\u0160TITA OSOBNIH PODATAKA Privatnost [&hellip;]","og_url":"https:\/\/its-rb.hr\/?page_id=1731","og_site_name":"its-rb.hr","article_modified_time":"2021-12-29T13:14:28+00:00","twitter_card":"summary_large_image","twitter_misc":{"Procijenjeno vrijeme \u010ditanja":"10 minuta"},"schema":{"@context":"https:\/\/schema.org","@graph":[{"@type":"Organization","@id":"https:\/\/its-rb.hr\/#organization","name":"its-rb d.o.o.","url":"https:\/\/its-rb.hr\/","sameAs":[],"logo":{"@type":"ImageObject","@id":"https:\/\/its-rb.hr\/#logo","inLanguage":"hr","url":"https:\/\/its-rb.hr\/wp-content\/uploads\/2021\/10\/cropped-Picture1.png","contentUrl":"https:\/\/its-rb.hr\/wp-content\/uploads\/2021\/10\/cropped-Picture1.png","width":512,"height":512,"caption":"its-rb d.o.o."},"image":{"@id":"https:\/\/its-rb.hr\/#logo"}},{"@type":"WebSite","@id":"https:\/\/its-rb.hr\/#website","url":"https:\/\/its-rb.hr\/","name":"its-rb.hr","description":"WIP","publisher":{"@id":"https:\/\/its-rb.hr\/#organization"},"potentialAction":[{"@type":"SearchAction","target":{"@type":"EntryPoint","urlTemplate":"https:\/\/its-rb.hr\/?s={search_term_string}"},"query-input":"required name=search_term_string"}],"inLanguage":"hr"},{"@type":"WebPage","@id":"https:\/\/its-rb.hr\/?page_id=1731#webpage","url":"https:\/\/its-rb.hr\/?page_id=1731","name":"Pravila privatnosti - its-rb.hr","isPartOf":{"@id":"https:\/\/its-rb.hr\/#website"},"datePublished":"2021-11-30T13:27:55+00:00","dateModified":"2021-12-29T13:14:28+00:00","breadcrumb":{"@id":"https:\/\/its-rb.hr\/?page_id=1731#breadcrumb"},"inLanguage":"hr","potentialAction":[{"@type":"ReadAction","target":["https:\/\/its-rb.hr\/?page_id=1731"]}]},{"@type":"BreadcrumbList","@id":"https:\/\/its-rb.hr\/?page_id=1731#breadcrumb","itemListElement":[{"@type":"ListItem","position":1,"name":"Po\u010detna stranica","item":"https:\/\/its-rb.hr\/"},{"@type":"ListItem","position":2,"name":"Pravila privatnosti"}]}]}},"_links":{"self":[{"href":"https:\/\/its-rb.hr\/index.php?rest_route=\/wp\/v2\/pages\/1731","targetHints":{"allow":["GET"]}}],"collection":[{"href":"https:\/\/its-rb.hr\/index.php?rest_route=\/wp\/v2\/pages"}],"about":[{"href":"https:\/\/its-rb.hr\/index.php?rest_route=\/wp\/v2\/types\/page"}],"author":[{"embeddable":true,"href":"https:\/\/its-rb.hr\/index.php?rest_route=\/wp\/v2\/users\/2"}],"replies":[{"embeddable":true,"href":"https:\/\/its-rb.hr\/index.php?rest_route=%2Fwp%2Fv2%2Fcomments&post=1731"}],"version-history":[{"count":0,"href":"https:\/\/its-rb.hr\/index.php?rest_route=\/wp\/v2\/pages\/1731\/revisions"}],"wp:attachment":[{"href":"https:\/\/its-rb.hr\/index.php?rest_route=%2Fwp%2Fv2%2Fmedia&parent=1731"}],"curies":[{"name":"wp","href":"https:\/\/api.w.org\/{rel}","templated":true}]}}