{"id":44,"date":"2019-09-02T11:16:24","date_gmt":"2019-09-02T11:16:24","guid":{"rendered":"https:\/\/frenify.net\/envato\/frenify\/wp\/cron\/2\/?page_id=44"},"modified":"2022-01-10T08:02:02","modified_gmt":"2022-01-10T08:02:02","slug":"kontakt","status":"publish","type":"page","link":"https:\/\/its-rb.hr\/?page_id=44","title":{"rendered":"Kontakt"},"content":{"rendered":"\t\t<div data-elementor-type=\"wp-post\" data-elementor-id=\"44\" class=\"elementor elementor-44\" data-elementor-settings=\"[]\">\n\t\t\t\t\t\t\t<div class=\"elementor-section-wrap\">\n\t\t\t\t\t\t\t<section class=\"elementor-section elementor-top-section elementor-element elementor-element-5078e29 elementor-section-boxed elementor-section-height-default elementor-section-height-default\" data-id=\"5078e29\" data-element_type=\"section\">\n\t\t\t\t\t\t<div class=\"elementor-container elementor-column-gap-default\">\n\t\t\t\t\t<div class=\"elementor-column elementor-col-100 elementor-top-column elementor-element elementor-element-4a3fe38\" data-id=\"4a3fe38\" data-element_type=\"column\">\n\t\t\t<div class=\"elementor-widget-wrap elementor-element-populated\">\n\t\t\t\t\t\t\t\t<div class=\"elementor-element elementor-element-6da03fb elementor-tabs-view-horizontal elementor-widget elementor-widget-tabs\" data-id=\"6da03fb\" data-element_type=\"widget\" data-widget_type=\"tabs.default\">\n\t\t\t\t<div class=\"elementor-widget-container\">\n\t\t\t\t\t<div class=\"elementor-tabs\">\n\t\t\t<div class=\"elementor-tabs-wrapper\" role=\"tablist\" >\n\t\t\t\t\t\t\t\t\t<div id=\"elementor-tab-title-1141\" class=\"elementor-tab-title elementor-tab-desktop-title\" aria-selected=\"true\" data-tab=\"1\" role=\"tab\" tabindex=\"0\" aria-controls=\"elementor-tab-content-1141\" aria-expanded=\"false\">Sjedi\u0161te<\/div>\n\t\t\t\t\t\t\t\t\t<div id=\"elementor-tab-title-1142\" class=\"elementor-tab-title elementor-tab-desktop-title\" aria-selected=\"false\" data-tab=\"2\" role=\"tab\" tabindex=\"-1\" aria-controls=\"elementor-tab-content-1142\" aria-expanded=\"false\">Predstavni\u0161tvo<\/div>\n\t\t\t\t\t\t\t\t\t<div id=\"elementor-tab-title-1143\" class=\"elementor-tab-title elementor-tab-desktop-title\" aria-selected=\"false\" data-tab=\"3\" role=\"tab\" tabindex=\"-1\" aria-controls=\"elementor-tab-content-1143\" aria-expanded=\"false\">Postanite dio tima<\/div>\n\t\t\t\t\t\t\t<\/div>\n\t\t\t<div class=\"elementor-tabs-content-wrapper\" role=\"tablist\" aria-orientation=\"vertical\">\n\t\t\t\t\t\t\t\t\t<div class=\"elementor-tab-title elementor-tab-mobile-title\" aria-selected=\"true\" data-tab=\"1\" role=\"tab\" tabindex=\"0\" aria-controls=\"elementor-tab-content-1141\" aria-expanded=\"false\">Sjedi\u0161te<\/div>\n\t\t\t\t\t<div id=\"elementor-tab-content-1141\" class=\"elementor-tab-content elementor-clearfix\" data-tab=\"1\" role=\"tabpanel\" aria-labelledby=\"elementor-tab-title-1141\" tabindex=\"0\" hidden=\"false\"><p>Nikole Tesle 38, Kri\u017eevci 48260, R. Hrvatska<\/p><p>Telefon:+385 48 711 168<\/p><p>Fax:+385 48 716 305<\/p><p>Email:\u00a0<a href=\"mailto:its@its-rb.hr\">its@its-rb.hr<\/a><\/p><\/div>\n\t\t\t\t\t\t\t\t\t<div class=\"elementor-tab-title elementor-tab-mobile-title\" aria-selected=\"false\" data-tab=\"2\" role=\"tab\" tabindex=\"-1\" aria-controls=\"elementor-tab-content-1142\" aria-expanded=\"false\">Predstavni\u0161tvo<\/div>\n\t\t\t\t\t<div id=\"elementor-tab-content-1142\" class=\"elementor-tab-content elementor-clearfix\" data-tab=\"2\" role=\"tabpanel\" aria-labelledby=\"elementor-tab-title-1142\" tabindex=\"0\" hidden=\"hidden\"><p>Mariborska 9<\/p><p>11000 Beograd, Srbija<\/p><p>Tel:+381 11 2766 963<\/p><p>Mobilni:+381 63 1028 628<\/p><p>Email:<a href=\"mailto:bojovicits@gmail.com\">bojovicits@gmail.com<\/a><\/p><p>www.its-rb.hr<\/p><\/div>\n\t\t\t\t\t\t\t\t\t<div class=\"elementor-tab-title elementor-tab-mobile-title\" aria-selected=\"false\" data-tab=\"3\" role=\"tab\" tabindex=\"-1\" aria-controls=\"elementor-tab-content-1143\" aria-expanded=\"false\">Postanite dio tima<\/div>\n\t\t\t\t\t<div id=\"elementor-tab-content-1143\" class=\"elementor-tab-content elementor-clearfix\" data-tab=\"3\" role=\"tabpanel\" aria-labelledby=\"elementor-tab-title-1143\" tabindex=\"0\" hidden=\"hidden\"><p>Motiviraju\u0107a radna sredina za stru\u010dne osobe koje \u017eele biti dio ITS-RB tima.\u00a0<\/p><p>Trenutno nema slobodnih radnih mjesta.\u00a0<\/p><\/div>\n\t\t\t\t\t\t\t<\/div>\n\t\t<\/div>\n\t\t\t\t<\/div>\n\t\t\t\t<\/div>\n\t\t\t\t\t<\/div>\n\t\t<\/div>\n\t\t\t\t\t\t\t<\/div>\n\t\t<\/section>\n\t\t\t\t<section class=\"elementor-section elementor-top-section elementor-element elementor-element-a0a2948 elementor-section-boxed elementor-section-height-default elementor-section-height-default\" data-id=\"a0a2948\" data-element_type=\"section\">\n\t\t\t\t\t\t<div class=\"elementor-container elementor-column-gap-default\">\n\t\t\t\t\t<div class=\"elementor-column elementor-col-100 elementor-top-column elementor-element elementor-element-1d2fabf\" data-id=\"1d2fabf\" data-element_type=\"column\">\n\t\t\t<div class=\"elementor-widget-wrap elementor-element-populated\">\n\t\t\t\t\t\t\t\t<div class=\"elementor-element elementor-element-637737b elementor-widget elementor-widget-html\" data-id=\"637737b\" data-element_type=\"widget\" data-widget_type=\"html.default\">\n\t\t\t\t<div class=\"elementor-widget-container\">\n\t\t\t<iframe src=\"https:\/\/www.google.com\/maps\/embed?pb=!1m18!1m12!1m3!1d2770.9978205323728!2d16.53595291627642!3d46.01123580479434!2m3!1f0!2f0!3f0!3m2!1i1024!2i768!4f13.1!3m3!1m2!1s0x4766167c18587e4f{7bdbd70ecaa1c247ae6360ed73783384d7880f564486dc63a5c003bada73dd11}3A0x485a6746e60874d2!2sUl.{7bdbd70ecaa1c247ae6360ed73783384d7880f564486dc63a5c003bada73dd11}20Nikole{7bdbd70ecaa1c247ae6360ed73783384d7880f564486dc63a5c003bada73dd11}20Tesle{7bdbd70ecaa1c247ae6360ed73783384d7880f564486dc63a5c003bada73dd11}2038{7bdbd70ecaa1c247ae6360ed73783384d7880f564486dc63a5c003bada73dd11}2C{7bdbd70ecaa1c247ae6360ed73783384d7880f564486dc63a5c003bada73dd11}2048260{7bdbd70ecaa1c247ae6360ed73783384d7880f564486dc63a5c003bada73dd11}2C{7bdbd70ecaa1c247ae6360ed73783384d7880f564486dc63a5c003bada73dd11}20Kri{7bdbd70ecaa1c247ae6360ed73783384d7880f564486dc63a5c003bada73dd11}C5{7bdbd70ecaa1c247ae6360ed73783384d7880f564486dc63a5c003bada73dd11}BEevci!5e0!3m2!1sen!2shr!4v1634803546962!5m2!1sen!2shr\" width=\"600\" height=\"450\" style=\"border:0;\" allowfullscreen=\"\" loading=\"lazy\"><\/iframe>\t\t<\/div>\n\t\t\t\t<\/div>\n\t\t\t\t\t<\/div>\n\t\t<\/div>\n\t\t\t\t\t\t\t<\/div>\n\t\t<\/section>\n\t\t\t\t<section class=\"elementor-section elementor-top-section elementor-element elementor-element-98c95bf elementor-section-boxed elementor-section-height-default elementor-section-height-default\" data-id=\"98c95bf\" data-element_type=\"section\">\n\t\t\t\t\t\t<div class=\"elementor-container elementor-column-gap-default\">\n\t\t\t\t\t<div class=\"elementor-column elementor-col-100 elementor-top-column elementor-element elementor-element-b24a8ed\" data-id=\"b24a8ed\" data-element_type=\"column\">\n\t\t\t<div class=\"elementor-widget-wrap elementor-element-populated\">\n\t\t\t\t\t\t\t\t<div class=\"elementor-element elementor-element-48969ec elementor-widget elementor-widget-spacer\" data-id=\"48969ec\" data-element_type=\"widget\" data-widget_type=\"spacer.default\">\n\t\t\t\t<div class=\"elementor-widget-container\">\n\t\t\t\t\t<div class=\"elementor-spacer\">\n\t\t\t<div class=\"elementor-spacer-inner\"><\/div>\n\t\t<\/div>\n\t\t\t\t<\/div>\n\t\t\t\t<\/div>\n\t\t\t\t\t<\/div>\n\t\t<\/div>\n\t\t\t\t\t\t\t<\/div>\n\t\t<\/section>\n\t\t\t\t\t\t<\/div>\n\t\t\t\t\t<\/div>\n\t\t","protected":false},"excerpt":{"rendered":"<p>Sjedi\u0161te Predstavni\u0161tvo Postanite dio tima Sjedi\u0161te Nikole Tesle 38, Kri\u017eevci 48260, R. Hrvatska Telefon:+385 48 711 168 Fax:+385 48 716 305 Email:\u00a0its@its-rb.hr Predstavni\u0161tvo Mariborska 9 11000 Beograd, Srbija Tel:+381 11 2766 963 Mobilni:+381 63 1028 628 Email:bojovicits@gmail.com www.its-rb.hr Postanite dio tima Motiviraju\u0107a radna sredina za stru\u010dne osobe koje \u017eele biti dio ITS-RB tima.\u00a0 Trenutno nema [&hellip;]<\/p>\n","protected":false},"author":2,"featured_media":0,"parent":0,"menu_order":0,"comment_status":"closed","ping_status":"closed","template":"","meta":{"footnotes":""},"class_list":["post-44","page","type-page","status-publish","hentry"],"yoast_head":"<!-- This site is optimized with the Yoast SEO plugin v17.9 - https:\/\/yoast.com\/wordpress\/plugins\/seo\/ -->\n<title>Kontakt - its-rb.hr<\/title>\n<meta name=\"robots\" content=\"index, follow, max-snippet:-1, max-image-preview:large, max-video-preview:-1\" \/>\n<link rel=\"canonical\" href=\"https:\/\/its-rb.hr\/?page_id=44\" \/>\n<meta property=\"og:locale\" content=\"hr_HR\" \/>\n<meta property=\"og:type\" content=\"article\" \/>\n<meta property=\"og:title\" content=\"Kontakt - its-rb.hr\" \/>\n<meta property=\"og:description\" content=\"Sjedi\u0161te Predstavni\u0161tvo Postanite dio tima Sjedi\u0161te Nikole Tesle 38, Kri\u017eevci 48260, R. Hrvatska Telefon:+385 48 711 168 Fax:+385 48 716 305 Email:\u00a0its@its-rb.hr Predstavni\u0161tvo Mariborska 9 11000 Beograd, Srbija Tel:+381 11 2766 963 Mobilni:+381 63 1028 628 Email:bojovicits@gmail.com www.its-rb.hr Postanite dio tima Motiviraju\u0107a radna sredina za stru\u010dne osobe koje \u017eele biti dio ITS-RB tima.\u00a0 Trenutno nema [&hellip;]\" \/>\n<meta property=\"og:url\" content=\"https:\/\/its-rb.hr\/?page_id=44\" \/>\n<meta property=\"og:site_name\" content=\"its-rb.hr\" \/>\n<meta property=\"article:modified_time\" content=\"2022-01-10T08:02:02+00:00\" \/>\n<meta name=\"twitter:card\" content=\"summary_large_image\" \/>\n<script type=\"application\/ld+json\" class=\"yoast-schema-graph\">{\"@context\":\"https:\/\/schema.org\",\"@graph\":[{\"@type\":\"Organization\",\"@id\":\"https:\/\/its-rb.hr\/#organization\",\"name\":\"its-rb d.o.o.\",\"url\":\"https:\/\/its-rb.hr\/\",\"sameAs\":[],\"logo\":{\"@type\":\"ImageObject\",\"@id\":\"https:\/\/its-rb.hr\/#logo\",\"inLanguage\":\"hr\",\"url\":\"https:\/\/its-rb.hr\/wp-content\/uploads\/2021\/10\/cropped-Picture1.png\",\"contentUrl\":\"https:\/\/its-rb.hr\/wp-content\/uploads\/2021\/10\/cropped-Picture1.png\",\"width\":512,\"height\":512,\"caption\":\"its-rb d.o.o.\"},\"image\":{\"@id\":\"https:\/\/its-rb.hr\/#logo\"}},{\"@type\":\"WebSite\",\"@id\":\"https:\/\/its-rb.hr\/#website\",\"url\":\"https:\/\/its-rb.hr\/\",\"name\":\"its-rb.hr\",\"description\":\"WIP\",\"publisher\":{\"@id\":\"https:\/\/its-rb.hr\/#organization\"},\"potentialAction\":[{\"@type\":\"SearchAction\",\"target\":{\"@type\":\"EntryPoint\",\"urlTemplate\":\"https:\/\/its-rb.hr\/?s={search_term_string}\"},\"query-input\":\"required name=search_term_string\"}],\"inLanguage\":\"hr\"},{\"@type\":\"WebPage\",\"@id\":\"https:\/\/its-rb.hr\/?page_id=44#webpage\",\"url\":\"https:\/\/its-rb.hr\/?page_id=44\",\"name\":\"Kontakt - its-rb.hr\",\"isPartOf\":{\"@id\":\"https:\/\/its-rb.hr\/#website\"},\"datePublished\":\"2019-09-02T11:16:24+00:00\",\"dateModified\":\"2022-01-10T08:02:02+00:00\",\"breadcrumb\":{\"@id\":\"https:\/\/its-rb.hr\/?page_id=44#breadcrumb\"},\"inLanguage\":\"hr\",\"potentialAction\":[{\"@type\":\"ReadAction\",\"target\":[\"https:\/\/its-rb.hr\/?page_id=44\"]}]},{\"@type\":\"BreadcrumbList\",\"@id\":\"https:\/\/its-rb.hr\/?page_id=44#breadcrumb\",\"itemListElement\":[{\"@type\":\"ListItem\",\"position\":1,\"name\":\"Po\\u010detna stranica\",\"item\":\"https:\/\/its-rb.hr\/\"},{\"@type\":\"ListItem\",\"position\":2,\"name\":\"Kontakt\"}]}]}<\/script>\n<!-- \/ Yoast SEO plugin. -->","yoast_head_json":{"title":"Kontakt - its-rb.hr","robots":{"index":"index","follow":"follow","max-snippet":"max-snippet:-1","max-image-preview":"max-image-preview:large","max-video-preview":"max-video-preview:-1"},"canonical":"https:\/\/its-rb.hr\/?page_id=44","og_locale":"hr_HR","og_type":"article","og_title":"Kontakt - its-rb.hr","og_description":"Sjedi\u0161te Predstavni\u0161tvo Postanite dio tima Sjedi\u0161te Nikole Tesle 38, Kri\u017eevci 48260, R. Hrvatska Telefon:+385 48 711 168 Fax:+385 48 716 305 Email:\u00a0its@its-rb.hr Predstavni\u0161tvo Mariborska 9 11000 Beograd, Srbija Tel:+381 11 2766 963 Mobilni:+381 63 1028 628 Email:bojovicits@gmail.com www.its-rb.hr Postanite dio tima Motiviraju\u0107a radna sredina za stru\u010dne osobe koje \u017eele biti dio ITS-RB tima.\u00a0 Trenutno nema [&hellip;]","og_url":"https:\/\/its-rb.hr\/?page_id=44","og_site_name":"its-rb.hr","article_modified_time":"2022-01-10T08:02:02+00:00","twitter_card":"summary_large_image","schema":{"@context":"https:\/\/schema.org","@graph":[{"@type":"Organization","@id":"https:\/\/its-rb.hr\/#organization","name":"its-rb d.o.o.","url":"https:\/\/its-rb.hr\/","sameAs":[],"logo":{"@type":"ImageObject","@id":"https:\/\/its-rb.hr\/#logo","inLanguage":"hr","url":"https:\/\/its-rb.hr\/wp-content\/uploads\/2021\/10\/cropped-Picture1.png","contentUrl":"https:\/\/its-rb.hr\/wp-content\/uploads\/2021\/10\/cropped-Picture1.png","width":512,"height":512,"caption":"its-rb d.o.o."},"image":{"@id":"https:\/\/its-rb.hr\/#logo"}},{"@type":"WebSite","@id":"https:\/\/its-rb.hr\/#website","url":"https:\/\/its-rb.hr\/","name":"its-rb.hr","description":"WIP","publisher":{"@id":"https:\/\/its-rb.hr\/#organization"},"potentialAction":[{"@type":"SearchAction","target":{"@type":"EntryPoint","urlTemplate":"https:\/\/its-rb.hr\/?s={search_term_string}"},"query-input":"required name=search_term_string"}],"inLanguage":"hr"},{"@type":"WebPage","@id":"https:\/\/its-rb.hr\/?page_id=44#webpage","url":"https:\/\/its-rb.hr\/?page_id=44","name":"Kontakt - its-rb.hr","isPartOf":{"@id":"https:\/\/its-rb.hr\/#website"},"datePublished":"2019-09-02T11:16:24+00:00","dateModified":"2022-01-10T08:02:02+00:00","breadcrumb":{"@id":"https:\/\/its-rb.hr\/?page_id=44#breadcrumb"},"inLanguage":"hr","potentialAction":[{"@type":"ReadAction","target":["https:\/\/its-rb.hr\/?page_id=44"]}]},{"@type":"BreadcrumbList","@id":"https:\/\/its-rb.hr\/?page_id=44#breadcrumb","itemListElement":[{"@type":"ListItem","position":1,"name":"Po\u010detna stranica","item":"https:\/\/its-rb.hr\/"},{"@type":"ListItem","position":2,"name":"Kontakt"}]}]}},"_links":{"self":[{"href":"https:\/\/its-rb.hr\/index.php?rest_route=\/wp\/v2\/pages\/44","targetHints":{"allow":["GET"]}}],"collection":[{"href":"https:\/\/its-rb.hr\/index.php?rest_route=\/wp\/v2\/pages"}],"about":[{"href":"https:\/\/its-rb.hr\/index.php?rest_route=\/wp\/v2\/types\/page"}],"author":[{"embeddable":true,"href":"https:\/\/its-rb.hr\/index.php?rest_route=\/wp\/v2\/users\/2"}],"replies":[{"embeddable":true,"href":"https:\/\/its-rb.hr\/index.php?rest_route=%2Fwp%2Fv2%2Fcomments&post=44"}],"version-history":[{"count":0,"href":"https:\/\/its-rb.hr\/index.php?rest_route=\/wp\/v2\/pages\/44\/revisions"}],"wp:attachment":[{"href":"https:\/\/its-rb.hr\/index.php?rest_route=%2Fwp%2Fv2%2Fmedia&parent=44"}],"curies":[{"name":"wp","href":"https:\/\/api.w.org\/{rel}","templated":true}]}}