{"id":708,"date":"2021-10-29T12:45:27","date_gmt":"2021-10-29T12:45:27","guid":{"rendered":"http:\/\/its-rb.hr\/?page_id=708"},"modified":"2022-10-17T13:27:12","modified_gmt":"2022-10-17T13:27:12","slug":"podesti-ljestve-i-stubista","status":"publish","type":"page","link":"https:\/\/its-rb.hr\/?page_id=708","title":{"rendered":"Podesti, ljestve penjalice i stubi\u0161ta"},"content":{"rendered":"\t\t<div data-elementor-type=\"wp-page\" data-elementor-id=\"708\" class=\"elementor elementor-708\" data-elementor-settings=\"[]\">\n\t\t\t\t\t\t\t<div class=\"elementor-section-wrap\">\n\t\t\t\t\t\t\t<section class=\"elementor-section elementor-top-section elementor-element elementor-element-2b04396 elementor-section-boxed elementor-section-height-default elementor-section-height-default\" data-id=\"2b04396\" data-element_type=\"section\">\n\t\t\t\t\t\t<div class=\"elementor-container elementor-column-gap-default\">\n\t\t\t\t\t<div class=\"elementor-column elementor-col-100 elementor-top-column elementor-element elementor-element-c69466d\" data-id=\"c69466d\" data-element_type=\"column\">\n\t\t\t<div class=\"elementor-widget-wrap elementor-element-populated\">\n\t\t\t\t\t\t\t\t<div class=\"elementor-element elementor-element-bfd5eaa elementor-widget elementor-widget-frel-main-title\" data-id=\"bfd5eaa\" data-element_type=\"widget\" data-widget_type=\"frel-main-title.default\">\n\t\t\t\t<div class=\"elementor-widget-container\">\n\t\t\t<div class=\"cons_w_wrapper\"><div class=\"fn_cs_main_title\"><div class=\"container\"><div class=\"title_holder\"><h3>Podesti, ljestve penjalice i stubi\u0161ta<\/h3><\/div><\/div><\/div><\/div>\t\t<\/div>\n\t\t\t\t<\/div>\n\t\t\t\t\t<\/div>\n\t\t<\/div>\n\t\t\t\t\t\t\t<\/div>\n\t\t<\/section>\n\t\t\t\t<section class=\"elementor-section elementor-top-section elementor-element elementor-element-e6d8ecd elementor-section-boxed elementor-section-height-default elementor-section-height-default\" data-id=\"e6d8ecd\" data-element_type=\"section\">\n\t\t\t\t\t\t<div class=\"elementor-container elementor-column-gap-default\">\n\t\t\t\t\t<div class=\"elementor-column elementor-col-100 elementor-top-column elementor-element elementor-element-8950fec\" data-id=\"8950fec\" data-element_type=\"column\">\n\t\t\t<div class=\"elementor-widget-wrap elementor-element-populated\">\n\t\t\t\t\t\t\t\t<div class=\"elementor-element elementor-element-b8e0678 elementor-widget elementor-widget-image-gallery\" data-id=\"b8e0678\" data-element_type=\"widget\" data-widget_type=\"image-gallery.default\">\n\t\t\t\t<div class=\"elementor-widget-container\">\n\t\t\t\t\t<div class=\"elementor-image-gallery\">\n\t\t\t\n\t\t<style type=\"text\/css\">\n\t\t\t#gallery-1 {\n\t\t\t\tmargin: auto;\n\t\t\t}\n\t\t\t#gallery-1 .gallery-item {\n\t\t\t\tfloat: left;\n\t\t\t\tmargin-top: 10px;\n\t\t\t\ttext-align: center;\n\t\t\t\twidth: 33%;\n\t\t\t}\n\t\t\t#gallery-1 img {\n\t\t\t\tborder: 2px solid #cfcfcf;\n\t\t\t}\n\t\t\t#gallery-1 .gallery-caption {\n\t\t\t\tmargin-left: 0;\n\t\t\t}\n\t\t\t\/* see gallery_shortcode() in wp-includes\/media.php *\/\n\t\t<\/style>\n\t\t<div id='gallery-1' class='gallery galleryid-708 gallery-columns-3 gallery-size-medium'><dl class='gallery-item'>\n\t\t\t<dt class='gallery-icon landscape'>\n\t\t\t\t<a data-elementor-open-lightbox=\"yes\" data-elementor-lightbox-slideshow=\"b8e0678\" href='https:\/\/its-rb.hr\/wp-content\/uploads\/2021\/11\/4P-1.jpg'><img loading=\"lazy\" decoding=\"async\" width=\"300\" height=\"222\" src=\"https:\/\/its-rb.hr\/wp-content\/uploads\/2021\/11\/4P-1-300x222.jpg\" class=\"attachment-medium size-medium\" alt=\"Podesti, ljestve penjalice i stubi\u0161ta 4p\" srcset=\"https:\/\/its-rb.hr\/wp-content\/uploads\/2021\/11\/4P-1-300x222.jpg 300w, https:\/\/its-rb.hr\/wp-content\/uploads\/2021\/11\/4P-1-768x570.jpg 768w, https:\/\/its-rb.hr\/wp-content\/uploads\/2021\/11\/4P-1-1000x742.jpg 1000w, https:\/\/its-rb.hr\/wp-content\/uploads\/2021\/11\/4P-1.jpg 1006w\" sizes=\"auto, (max-width: 300px) 100vw, 300px\" \/><\/a>\n\t\t\t<\/dt><\/dl><dl class='gallery-item'>\n\t\t\t<dt class='gallery-icon landscape'>\n\t\t\t\t<a data-elementor-open-lightbox=\"yes\" data-elementor-lightbox-slideshow=\"b8e0678\" data-elementor-lightbox-title=\"8P\" href='https:\/\/its-rb.hr\/wp-content\/uploads\/2021\/11\/8P.jpg'><img loading=\"lazy\" decoding=\"async\" width=\"300\" height=\"200\" src=\"https:\/\/its-rb.hr\/wp-content\/uploads\/2021\/11\/8P-300x200.jpg\" class=\"attachment-medium size-medium\" alt=\"Podesti, ljestve penjalice i stubi\u0161ta 8p\" srcset=\"https:\/\/its-rb.hr\/wp-content\/uploads\/2021\/11\/8P-300x200.jpg 300w, https:\/\/its-rb.hr\/wp-content\/uploads\/2021\/11\/8P-1024x683.jpg 1024w, https:\/\/its-rb.hr\/wp-content\/uploads\/2021\/11\/8P-768x512.jpg 768w, https:\/\/its-rb.hr\/wp-content\/uploads\/2021\/11\/8P-1000x667.jpg 1000w, https:\/\/its-rb.hr\/wp-content\/uploads\/2021\/11\/8P.jpg 1119w\" sizes=\"auto, (max-width: 300px) 100vw, 300px\" \/><\/a>\n\t\t\t<\/dt><\/dl><dl class='gallery-item'>\n\t\t\t<dt class='gallery-icon landscape'>\n\t\t\t\t<a data-elementor-open-lightbox=\"yes\" data-elementor-lightbox-slideshow=\"b8e0678\" data-elementor-lightbox-title=\"9P\" href='https:\/\/its-rb.hr\/wp-content\/uploads\/2021\/11\/9P.jpg'><img loading=\"lazy\" decoding=\"async\" width=\"300\" height=\"200\" src=\"https:\/\/its-rb.hr\/wp-content\/uploads\/2021\/11\/9P-300x200.jpg\" class=\"attachment-medium size-medium\" alt=\"Podesti, ljestve penjalice i stubi\u0161ta 9p\" srcset=\"https:\/\/its-rb.hr\/wp-content\/uploads\/2021\/11\/9P-300x200.jpg 300w, https:\/\/its-rb.hr\/wp-content\/uploads\/2021\/11\/9P-1024x683.jpg 1024w, https:\/\/its-rb.hr\/wp-content\/uploads\/2021\/11\/9P-768x512.jpg 768w, https:\/\/its-rb.hr\/wp-content\/uploads\/2021\/11\/9P-1000x667.jpg 1000w, https:\/\/its-rb.hr\/wp-content\/uploads\/2021\/11\/9P.jpg 1119w\" sizes=\"auto, (max-width: 300px) 100vw, 300px\" \/><\/a>\n\t\t\t<\/dt><\/dl><br style=\"clear: both\" \/><dl class='gallery-item'>\n\t\t\t<dt class='gallery-icon portrait'>\n\t\t\t\t<a data-elementor-open-lightbox=\"yes\" data-elementor-lightbox-slideshow=\"b8e0678\" data-elementor-lightbox-title=\"9P\" href='https:\/\/its-rb.hr\/wp-content\/uploads\/2021\/11\/2P-1.jpg'><img loading=\"lazy\" decoding=\"async\" width=\"225\" height=\"300\" src=\"https:\/\/its-rb.hr\/wp-content\/uploads\/2021\/11\/2P-1-225x300.jpg\" class=\"attachment-medium size-medium\" alt=\"Podesti, ljestve penjalice i stubi\u0161ta 2p\" srcset=\"https:\/\/its-rb.hr\/wp-content\/uploads\/2021\/11\/2P-1-225x300.jpg 225w, https:\/\/its-rb.hr\/wp-content\/uploads\/2021\/11\/2P-1.jpg 560w\" sizes=\"auto, (max-width: 225px) 100vw, 225px\" \/><\/a>\n\t\t\t<\/dt><\/dl><dl class='gallery-item'>\n\t\t\t<dt class='gallery-icon portrait'>\n\t\t\t\t<a data-elementor-open-lightbox=\"yes\" data-elementor-lightbox-slideshow=\"b8e0678\" data-elementor-lightbox-title=\"5P\" href='https:\/\/its-rb.hr\/wp-content\/uploads\/2021\/11\/5P-1.jpg'><img loading=\"lazy\" decoding=\"async\" width=\"225\" height=\"300\" src=\"https:\/\/its-rb.hr\/wp-content\/uploads\/2021\/11\/5P-1-225x300.jpg\" class=\"attachment-medium size-medium\" alt=\"Podesti, ljestve penjalice i stubi\u0161ta 5p\" srcset=\"https:\/\/its-rb.hr\/wp-content\/uploads\/2021\/11\/5P-1-225x300.jpg 225w, https:\/\/its-rb.hr\/wp-content\/uploads\/2021\/11\/5P-1.jpg 560w\" sizes=\"auto, (max-width: 225px) 100vw, 225px\" \/><\/a>\n\t\t\t<\/dt><\/dl><dl class='gallery-item'>\n\t\t\t<dt class='gallery-icon portrait'>\n\t\t\t\t<a data-elementor-open-lightbox=\"yes\" data-elementor-lightbox-slideshow=\"b8e0678\" data-elementor-lightbox-title=\"6P\" href='https:\/\/its-rb.hr\/wp-content\/uploads\/2021\/11\/6P-1.jpg'><img loading=\"lazy\" decoding=\"async\" width=\"225\" height=\"300\" src=\"https:\/\/its-rb.hr\/wp-content\/uploads\/2021\/11\/6P-1-225x300.jpg\" class=\"attachment-medium size-medium\" alt=\"Podesti, ljestve penjalice i stubi\u0161ta 6p\" srcset=\"https:\/\/its-rb.hr\/wp-content\/uploads\/2021\/11\/6P-1-225x300.jpg 225w, https:\/\/its-rb.hr\/wp-content\/uploads\/2021\/11\/6P-1.jpg 560w\" sizes=\"auto, (max-width: 225px) 100vw, 225px\" \/><\/a>\n\t\t\t<\/dt><\/dl><br style=\"clear: both\" \/><dl class='gallery-item'>\n\t\t\t<dt class='gallery-icon portrait'>\n\t\t\t\t<a data-elementor-open-lightbox=\"yes\" data-elementor-lightbox-slideshow=\"b8e0678\" data-elementor-lightbox-title=\"7P\" href='https:\/\/its-rb.hr\/wp-content\/uploads\/2021\/11\/7P.jpg'><img loading=\"lazy\" decoding=\"async\" width=\"225\" height=\"300\" src=\"https:\/\/its-rb.hr\/wp-content\/uploads\/2021\/11\/7P-225x300.jpg\" class=\"attachment-medium size-medium\" alt=\"Podesti, ljestve penjalice i stubi\u0161ta 7p\" srcset=\"https:\/\/its-rb.hr\/wp-content\/uploads\/2021\/11\/7P-225x300.jpg 225w, https:\/\/its-rb.hr\/wp-content\/uploads\/2021\/11\/7P.jpg 560w\" sizes=\"auto, (max-width: 225px) 100vw, 225px\" \/><\/a>\n\t\t\t<\/dt><\/dl><dl class='gallery-item'>\n\t\t\t<dt class='gallery-icon portrait'>\n\t\t\t\t<a data-elementor-open-lightbox=\"yes\" data-elementor-lightbox-slideshow=\"b8e0678\" data-elementor-lightbox-title=\"7P\" href='https:\/\/its-rb.hr\/wp-content\/uploads\/2021\/11\/1P-1.jpg'><img loading=\"lazy\" decoding=\"async\" width=\"169\" height=\"300\" src=\"https:\/\/its-rb.hr\/wp-content\/uploads\/2021\/11\/1P-1-169x300.jpg\" class=\"attachment-medium size-medium\" alt=\"Podesti, ljestve penjalice i stubi\u0161ta 1p\" srcset=\"https:\/\/its-rb.hr\/wp-content\/uploads\/2021\/11\/1P-1-169x300.jpg 169w, https:\/\/its-rb.hr\/wp-content\/uploads\/2021\/11\/1P-1.jpg 420w\" sizes=\"auto, (max-width: 169px) 100vw, 169px\" \/><\/a>\n\t\t\t<\/dt><\/dl><dl class='gallery-item'>\n\t\t\t<dt class='gallery-icon portrait'>\n\t\t\t\t<a data-elementor-open-lightbox=\"yes\" data-elementor-lightbox-slideshow=\"b8e0678\" data-elementor-lightbox-title=\"7P\" href='https:\/\/its-rb.hr\/wp-content\/uploads\/2021\/11\/3P-1.jpg'><img loading=\"lazy\" decoding=\"async\" width=\"169\" height=\"300\" src=\"https:\/\/its-rb.hr\/wp-content\/uploads\/2021\/11\/3P-1-169x300.jpg\" class=\"attachment-medium size-medium\" alt=\"Podesti, ljestve penjalice i stubi\u0161ta 3p\" srcset=\"https:\/\/its-rb.hr\/wp-content\/uploads\/2021\/11\/3P-1-169x300.jpg 169w, https:\/\/its-rb.hr\/wp-content\/uploads\/2021\/11\/3P-1.jpg 420w\" sizes=\"auto, (max-width: 169px) 100vw, 169px\" \/><\/a>\n\t\t\t<\/dt><\/dl><br style=\"clear: both\" \/><dl class='gallery-item'>\n\t\t\t<dt class='gallery-icon landscape'>\n\t\t\t\t<a data-elementor-open-lightbox=\"yes\" data-elementor-lightbox-slideshow=\"b8e0678\" data-elementor-lightbox-title=\"7P\" href='https:\/\/its-rb.hr\/wp-content\/uploads\/2021\/11\/20211030_130527.jpg'><img loading=\"lazy\" decoding=\"async\" width=\"300\" height=\"300\" src=\"https:\/\/its-rb.hr\/wp-content\/uploads\/2021\/11\/20211030_130527-300x300.jpg\" class=\"attachment-medium size-medium\" alt=\"Podesti, ljestve penjalice i stubi\u0161ta 20211030_130527\" srcset=\"https:\/\/its-rb.hr\/wp-content\/uploads\/2021\/11\/20211030_130527-300x300.jpg 300w, https:\/\/its-rb.hr\/wp-content\/uploads\/2021\/11\/20211030_130527-150x150.jpg 150w, https:\/\/its-rb.hr\/wp-content\/uploads\/2021\/11\/20211030_130527.jpg 746w\" sizes=\"auto, (max-width: 300px) 100vw, 300px\" \/><\/a>\n\t\t\t<\/dt><\/dl><dl class='gallery-item'>\n\t\t\t<dt class='gallery-icon landscape'>\n\t\t\t\t<a data-elementor-open-lightbox=\"yes\" data-elementor-lightbox-slideshow=\"b8e0678\" data-elementor-lightbox-title=\"7P\" href='https:\/\/its-rb.hr\/wp-content\/uploads\/2021\/11\/20211031_131152.jpg'><img loading=\"lazy\" decoding=\"async\" width=\"300\" height=\"300\" src=\"https:\/\/its-rb.hr\/wp-content\/uploads\/2021\/11\/20211031_131152-300x300.jpg\" class=\"attachment-medium size-medium\" alt=\"Podesti, ljestve penjalice i stubi\u0161ta 20211031_131152\" srcset=\"https:\/\/its-rb.hr\/wp-content\/uploads\/2021\/11\/20211031_131152-300x300.jpg 300w, https:\/\/its-rb.hr\/wp-content\/uploads\/2021\/11\/20211031_131152-150x150.jpg 150w, https:\/\/its-rb.hr\/wp-content\/uploads\/2021\/11\/20211031_131152.jpg 746w\" sizes=\"auto, (max-width: 300px) 100vw, 300px\" \/><\/a>\n\t\t\t<\/dt><\/dl>\n\t\t\t<br style='clear: both' \/>\n\t\t<\/div>\n\t\t<\/div>\n\t\t\t\t<\/div>\n\t\t\t\t<\/div>\n\t\t\t\t\t<\/div>\n\t\t<\/div>\n\t\t\t\t\t\t\t<\/div>\n\t\t<\/section>\n\t\t\t\t<section class=\"elementor-section elementor-top-section elementor-element elementor-element-64dac6d elementor-section-boxed elementor-section-height-default elementor-section-height-default\" data-id=\"64dac6d\" data-element_type=\"section\">\n\t\t\t\t\t\t<div class=\"elementor-container elementor-column-gap-default\">\n\t\t\t\t\t<div class=\"elementor-column elementor-col-100 elementor-top-column elementor-element elementor-element-db057c8\" data-id=\"db057c8\" data-element_type=\"column\">\n\t\t\t<div class=\"elementor-widget-wrap\">\n\t\t\t\t\t\t\t\t\t<\/div>\n\t\t<\/div>\n\t\t\t\t\t\t\t<\/div>\n\t\t<\/section>\n\t\t\t\t\t\t<\/div>\n\t\t\t\t\t<\/div>\n\t\t","protected":false},"excerpt":{"rendered":"<p>Podesti, ljestve penjalice i stubi\u0161ta &nbsp; &nbsp; &nbsp; &nbsp;<\/p>\n","protected":false},"author":2,"featured_media":0,"parent":0,"menu_order":0,"comment_status":"closed","ping_status":"closed","template":"","meta":{"footnotes":""},"class_list":["post-708","page","type-page","status-publish","hentry"],"yoast_head":"<!-- This site is optimized with the Yoast SEO plugin v17.9 - https:\/\/yoast.com\/wordpress\/plugins\/seo\/ -->\n<title>Podesti, ljestve penjalice i stubi\u0161ta - its-rb.hr<\/title>\n<meta name=\"description\" content=\"Projektiranje i proizvodnja prema va\u017ee\u010dim standardima.\" \/>\n<meta name=\"robots\" content=\"index, follow, max-snippet:-1, max-image-preview:large, max-video-preview:-1\" \/>\n<link rel=\"canonical\" href=\"https:\/\/its-rb.hr\/?page_id=708\" \/>\n<meta property=\"og:locale\" content=\"hr_HR\" \/>\n<meta property=\"og:type\" content=\"article\" \/>\n<meta property=\"og:title\" content=\"Podesti, ljestve penjalice i stubi\u0161ta - its-rb.hr\" \/>\n<meta property=\"og:description\" content=\"Projektiranje i proizvodnja prema va\u017ee\u010dim standardima.\" \/>\n<meta property=\"og:url\" content=\"https:\/\/its-rb.hr\/?page_id=708\" \/>\n<meta property=\"og:site_name\" content=\"its-rb.hr\" \/>\n<meta property=\"article:modified_time\" content=\"2022-10-17T13:27:12+00:00\" \/>\n<meta property=\"og:image\" content=\"https:\/\/its-rb.hr\/wp-content\/uploads\/2021\/11\/4P-1-300x222.jpg\" \/>\n<meta name=\"twitter:card\" content=\"summary_large_image\" \/>\n<script type=\"application\/ld+json\" class=\"yoast-schema-graph\">{\"@context\":\"https:\/\/schema.org\",\"@graph\":[{\"@type\":\"Organization\",\"@id\":\"https:\/\/its-rb.hr\/#organization\",\"name\":\"its-rb d.o.o.\",\"url\":\"https:\/\/its-rb.hr\/\",\"sameAs\":[],\"logo\":{\"@type\":\"ImageObject\",\"@id\":\"https:\/\/its-rb.hr\/#logo\",\"inLanguage\":\"hr\",\"url\":\"https:\/\/its-rb.hr\/wp-content\/uploads\/2021\/10\/cropped-Picture1.png\",\"contentUrl\":\"https:\/\/its-rb.hr\/wp-content\/uploads\/2021\/10\/cropped-Picture1.png\",\"width\":512,\"height\":512,\"caption\":\"its-rb d.o.o.\"},\"image\":{\"@id\":\"https:\/\/its-rb.hr\/#logo\"}},{\"@type\":\"WebSite\",\"@id\":\"https:\/\/its-rb.hr\/#website\",\"url\":\"https:\/\/its-rb.hr\/\",\"name\":\"its-rb.hr\",\"description\":\"WIP\",\"publisher\":{\"@id\":\"https:\/\/its-rb.hr\/#organization\"},\"potentialAction\":[{\"@type\":\"SearchAction\",\"target\":{\"@type\":\"EntryPoint\",\"urlTemplate\":\"https:\/\/its-rb.hr\/?s={search_term_string}\"},\"query-input\":\"required name=search_term_string\"}],\"inLanguage\":\"hr\"},{\"@type\":\"ImageObject\",\"@id\":\"https:\/\/its-rb.hr\/?page_id=708#primaryimage\",\"inLanguage\":\"hr\",\"url\":\"https:\/\/its-rb.hr\/wp-content\/uploads\/2021\/11\/4P-1.jpg\",\"contentUrl\":\"https:\/\/its-rb.hr\/wp-content\/uploads\/2021\/11\/4P-1.jpg\",\"width\":1006,\"height\":746,\"caption\":\"Podesti, ljestve penjalice i stubi\\u0161ta 4p\"},{\"@type\":\"WebPage\",\"@id\":\"https:\/\/its-rb.hr\/?page_id=708#webpage\",\"url\":\"https:\/\/its-rb.hr\/?page_id=708\",\"name\":\"Podesti, ljestve penjalice i stubi\\u0161ta - its-rb.hr\",\"isPartOf\":{\"@id\":\"https:\/\/its-rb.hr\/#website\"},\"primaryImageOfPage\":{\"@id\":\"https:\/\/its-rb.hr\/?page_id=708#primaryimage\"},\"datePublished\":\"2021-10-29T12:45:27+00:00\",\"dateModified\":\"2022-10-17T13:27:12+00:00\",\"description\":\"Projektiranje i proizvodnja prema va\\u017ee\\u010dim standardima.\",\"breadcrumb\":{\"@id\":\"https:\/\/its-rb.hr\/?page_id=708#breadcrumb\"},\"inLanguage\":\"hr\",\"potentialAction\":[{\"@type\":\"ReadAction\",\"target\":[\"https:\/\/its-rb.hr\/?page_id=708\"]}]},{\"@type\":\"BreadcrumbList\",\"@id\":\"https:\/\/its-rb.hr\/?page_id=708#breadcrumb\",\"itemListElement\":[{\"@type\":\"ListItem\",\"position\":1,\"name\":\"Po\\u010detna stranica\",\"item\":\"https:\/\/its-rb.hr\/\"},{\"@type\":\"ListItem\",\"position\":2,\"name\":\"Podesti, ljestve penjalice i stubi\\u0161ta\"}]}]}<\/script>\n<!-- \/ Yoast SEO plugin. -->","yoast_head_json":{"title":"Podesti, ljestve penjalice i stubi\u0161ta - its-rb.hr","description":"Projektiranje i proizvodnja prema va\u017ee\u010dim standardima.","robots":{"index":"index","follow":"follow","max-snippet":"max-snippet:-1","max-image-preview":"max-image-preview:large","max-video-preview":"max-video-preview:-1"},"canonical":"https:\/\/its-rb.hr\/?page_id=708","og_locale":"hr_HR","og_type":"article","og_title":"Podesti, ljestve penjalice i stubi\u0161ta - its-rb.hr","og_description":"Projektiranje i proizvodnja prema va\u017ee\u010dim standardima.","og_url":"https:\/\/its-rb.hr\/?page_id=708","og_site_name":"its-rb.hr","article_modified_time":"2022-10-17T13:27:12+00:00","og_image":[{"url":"https:\/\/its-rb.hr\/wp-content\/uploads\/2021\/11\/4P-1-300x222.jpg"}],"twitter_card":"summary_large_image","schema":{"@context":"https:\/\/schema.org","@graph":[{"@type":"Organization","@id":"https:\/\/its-rb.hr\/#organization","name":"its-rb d.o.o.","url":"https:\/\/its-rb.hr\/","sameAs":[],"logo":{"@type":"ImageObject","@id":"https:\/\/its-rb.hr\/#logo","inLanguage":"hr","url":"https:\/\/its-rb.hr\/wp-content\/uploads\/2021\/10\/cropped-Picture1.png","contentUrl":"https:\/\/its-rb.hr\/wp-content\/uploads\/2021\/10\/cropped-Picture1.png","width":512,"height":512,"caption":"its-rb d.o.o."},"image":{"@id":"https:\/\/its-rb.hr\/#logo"}},{"@type":"WebSite","@id":"https:\/\/its-rb.hr\/#website","url":"https:\/\/its-rb.hr\/","name":"its-rb.hr","description":"WIP","publisher":{"@id":"https:\/\/its-rb.hr\/#organization"},"potentialAction":[{"@type":"SearchAction","target":{"@type":"EntryPoint","urlTemplate":"https:\/\/its-rb.hr\/?s={search_term_string}"},"query-input":"required name=search_term_string"}],"inLanguage":"hr"},{"@type":"ImageObject","@id":"https:\/\/its-rb.hr\/?page_id=708#primaryimage","inLanguage":"hr","url":"https:\/\/its-rb.hr\/wp-content\/uploads\/2021\/11\/4P-1.jpg","contentUrl":"https:\/\/its-rb.hr\/wp-content\/uploads\/2021\/11\/4P-1.jpg","width":1006,"height":746,"caption":"Podesti, ljestve penjalice i stubi\u0161ta 4p"},{"@type":"WebPage","@id":"https:\/\/its-rb.hr\/?page_id=708#webpage","url":"https:\/\/its-rb.hr\/?page_id=708","name":"Podesti, ljestve penjalice i stubi\u0161ta - its-rb.hr","isPartOf":{"@id":"https:\/\/its-rb.hr\/#website"},"primaryImageOfPage":{"@id":"https:\/\/its-rb.hr\/?page_id=708#primaryimage"},"datePublished":"2021-10-29T12:45:27+00:00","dateModified":"2022-10-17T13:27:12+00:00","description":"Projektiranje i proizvodnja prema va\u017ee\u010dim standardima.","breadcrumb":{"@id":"https:\/\/its-rb.hr\/?page_id=708#breadcrumb"},"inLanguage":"hr","potentialAction":[{"@type":"ReadAction","target":["https:\/\/its-rb.hr\/?page_id=708"]}]},{"@type":"BreadcrumbList","@id":"https:\/\/its-rb.hr\/?page_id=708#breadcrumb","itemListElement":[{"@type":"ListItem","position":1,"name":"Po\u010detna stranica","item":"https:\/\/its-rb.hr\/"},{"@type":"ListItem","position":2,"name":"Podesti, ljestve penjalice i stubi\u0161ta"}]}]}},"_links":{"self":[{"href":"https:\/\/its-rb.hr\/index.php?rest_route=\/wp\/v2\/pages\/708","targetHints":{"allow":["GET"]}}],"collection":[{"href":"https:\/\/its-rb.hr\/index.php?rest_route=\/wp\/v2\/pages"}],"about":[{"href":"https:\/\/its-rb.hr\/index.php?rest_route=\/wp\/v2\/types\/page"}],"author":[{"embeddable":true,"href":"https:\/\/its-rb.hr\/index.php?rest_route=\/wp\/v2\/users\/2"}],"replies":[{"embeddable":true,"href":"https:\/\/its-rb.hr\/index.php?rest_route=%2Fwp%2Fv2%2Fcomments&post=708"}],"version-history":[{"count":2,"href":"https:\/\/its-rb.hr\/index.php?rest_route=\/wp\/v2\/pages\/708\/revisions"}],"predecessor-version":[{"id":2298,"href":"https:\/\/its-rb.hr\/index.php?rest_route=\/wp\/v2\/pages\/708\/revisions\/2298"}],"wp:attachment":[{"href":"https:\/\/its-rb.hr\/index.php?rest_route=%2Fwp%2Fv2%2Fmedia&parent=708"}],"curies":[{"name":"wp","href":"https:\/\/api.w.org\/{rel}","templated":true}]}}