{"id":879,"date":"2021-11-02T13:15:17","date_gmt":"2021-11-02T13:15:17","guid":{"rendered":"http:\/\/its-rb.hr\/?page_id=879"},"modified":"2022-10-17T13:35:17","modified_gmt":"2022-10-17T13:35:17","slug":"proizvodi-i-usluge","status":"publish","type":"page","link":"https:\/\/its-rb.hr\/?page_id=879","title":{"rendered":"Proizvodi i usluge"},"content":{"rendered":"\t\t<div data-elementor-type=\"wp-page\" data-elementor-id=\"879\" class=\"elementor elementor-879\" data-elementor-settings=\"[]\">\n\t\t\t\t\t\t\t<div class=\"elementor-section-wrap\">\n\t\t\t\t\t\t\t<section class=\"elementor-section elementor-top-section elementor-element elementor-element-37e5f92 elementor-section-boxed elementor-section-height-default elementor-section-height-default\" data-id=\"37e5f92\" data-element_type=\"section\">\n\t\t\t\t\t\t<div class=\"elementor-container elementor-column-gap-default\">\n\t\t\t\t\t<div class=\"elementor-column elementor-col-100 elementor-top-column elementor-element elementor-element-7b6104b\" data-id=\"7b6104b\" data-element_type=\"column\">\n\t\t\t<div class=\"elementor-widget-wrap elementor-element-populated\">\n\t\t\t\t\t\t\t\t<div class=\"elementor-element elementor-element-e43c135 elementor-widget elementor-widget-frel-info-rating\" data-id=\"e43c135\" data-element_type=\"widget\" data-widget_type=\"frel-info-rating.default\">\n\t\t\t\t<div class=\"elementor-widget-container\">\n\t\t\t<div class=\"cons_w_wrapper\"><div class=\"fn_cs_info_rating\"><div class=\"container\"><div class=\"inner\"><div class=\"left_part\"><div class=\"title_holder\"><h3 class=\"l_title\">Mi imamo rje\u0161enje<\/h3><p class=\"l_desc\">Tvrtka za proizvodnju regalnih konstrukcija<\/p><\/div><\/div><div class=\"middle_part\"><div class=\"m_in\"><div class=\"rating_holder\"><div class=\"r_header\"><\/div><div class=\"r_footer\"><\/div><img decoding=\"async\" class=\"cron_w_fn_svg\" src=\"https:\/\/its-rb.hr\/wp-content\/plugins\/cron-core\/shortcode\/assets\/svg\/stars.svg\" alt=\"svg\" \/><h3 class=\"rating_number\">30<\/h3><h3 class=\"rating_text\">godina iskustva<\/h3><\/div><div class=\"tagline_holder\"><div class=\"tl_inner\"><span>ITS - RB d.o.o.<\/span><\/div><\/div><\/div><\/div><div class=\"right_part\"><div class=\"o_img\" data-bg-img=\"http:\/\/art.its-rb.hr\/wp-content\/uploads\/2021\/10\/3s-scaled.jpg\"><\/div><div class=\"o_color\"><\/div><\/div><\/div><\/div><\/div><\/div>\t\t<\/div>\n\t\t\t\t<\/div>\n\t\t\t\t\t<\/div>\n\t\t<\/div>\n\t\t\t\t\t\t\t<\/div>\n\t\t<\/section>\n\t\t\t\t<section class=\"elementor-section elementor-top-section elementor-element elementor-element-d697c6f elementor-section-boxed elementor-section-height-default elementor-section-height-default\" data-id=\"d697c6f\" data-element_type=\"section\">\n\t\t\t\t\t\t<div class=\"elementor-container elementor-column-gap-default\">\n\t\t\t\t\t<div class=\"elementor-column elementor-col-100 elementor-top-column elementor-element elementor-element-5fd363f\" data-id=\"5fd363f\" data-element_type=\"column\">\n\t\t\t<div class=\"elementor-widget-wrap\">\n\t\t\t\t\t\t\t\t\t<\/div>\n\t\t<\/div>\n\t\t\t\t\t\t\t<\/div>\n\t\t<\/section>\n\t\t\t\t<section class=\"elementor-section elementor-top-section elementor-element elementor-element-6f118ae elementor-section-boxed elementor-section-height-default elementor-section-height-default\" data-id=\"6f118ae\" data-element_type=\"section\">\n\t\t\t\t\t\t<div class=\"elementor-container elementor-column-gap-default\">\n\t\t\t\t\t<div class=\"elementor-column elementor-col-100 elementor-top-column elementor-element elementor-element-ab55330\" data-id=\"ab55330\" data-element_type=\"column\">\n\t\t\t<div class=\"elementor-widget-wrap elementor-element-populated\">\n\t\t\t\t\t\t\t\t<div class=\"elementor-element elementor-element-79b64d7 elementor-widget elementor-widget-frel-arrow-link\" data-id=\"79b64d7\" data-element_type=\"widget\" data-widget_type=\"frel-arrow-link.default\">\n\t\t\t\t<div class=\"elementor-widget-container\">\n\t\t\t<div class=\"cons_w_wrapper\"><div class=\"fn_cs_arrow_link\"><div class=\"container\"><div class=\"link_holder\"><a href=\"https:\/\/its-rb.hr\/standardni\/\"><span class=\"text\">Standardni regalni sistemi<\/span><span class=\"arrow\"><img decoding=\"async\" class=\"cron_w_fn_svg\" src=\"https:\/\/its-rb.hr\/wp-content\/plugins\/cron-core\/shortcode\/assets\/svg\/arrow-r.svg\" alt=\"svg\" \/><\/span><span class=\"arrow_hover\"><img decoding=\"async\" class=\"cron_w_fn_svg\" src=\"https:\/\/its-rb.hr\/wp-content\/plugins\/cron-core\/shortcode\/assets\/svg\/arrow-r.svg\" alt=\"svg\" \/><\/span><\/a><\/div><\/div><\/div><\/div>\t\t<\/div>\n\t\t\t\t<\/div>\n\t\t\t\t<div class=\"elementor-element elementor-element-a33a4ce elementor-widget elementor-widget-frel-arrow-link\" data-id=\"a33a4ce\" data-element_type=\"widget\" data-widget_type=\"frel-arrow-link.default\">\n\t\t\t\t<div class=\"elementor-widget-container\">\n\t\t\t<div class=\"cons_w_wrapper\"><div class=\"fn_cs_arrow_link\"><div class=\"container\"><div class=\"link_holder\"><a href=\"https:\/\/its-rb.hr\/automatizirano\/\"><span class=\"text\">Automatizirano visokoregalno skladi\u0161te<\/span><span class=\"arrow\"><img decoding=\"async\" class=\"cron_w_fn_svg\" src=\"https:\/\/its-rb.hr\/wp-content\/plugins\/cron-core\/shortcode\/assets\/svg\/arrow-r.svg\" alt=\"svg\" \/><\/span><span class=\"arrow_hover\"><img decoding=\"async\" class=\"cron_w_fn_svg\" src=\"https:\/\/its-rb.hr\/wp-content\/plugins\/cron-core\/shortcode\/assets\/svg\/arrow-r.svg\" alt=\"svg\" \/><\/span><\/a><\/div><\/div><\/div><\/div>\t\t<\/div>\n\t\t\t\t<\/div>\n\t\t\t\t<div class=\"elementor-element elementor-element-0ed515a elementor-widget elementor-widget-frel-arrow-link\" data-id=\"0ed515a\" data-element_type=\"widget\" data-widget_type=\"frel-arrow-link.default\">\n\t\t\t\t<div class=\"elementor-widget-container\">\n\t\t\t<div class=\"cons_w_wrapper\"><div class=\"fn_cs_arrow_link\"><div class=\"container\"><div class=\"link_holder\"><a href=\"https:\/\/its-rb.hr\/podesti-ljestve-i-stubista\/\"><span class=\"text\">Podesti, ljestve penjalice i stubi\u0161ta<\/span><span class=\"arrow\"><img decoding=\"async\" class=\"cron_w_fn_svg\" src=\"https:\/\/its-rb.hr\/wp-content\/plugins\/cron-core\/shortcode\/assets\/svg\/arrow-r.svg\" alt=\"svg\" \/><\/span><span class=\"arrow_hover\"><img decoding=\"async\" class=\"cron_w_fn_svg\" src=\"https:\/\/its-rb.hr\/wp-content\/plugins\/cron-core\/shortcode\/assets\/svg\/arrow-r.svg\" alt=\"svg\" \/><\/span><\/a><\/div><\/div><\/div><\/div>\t\t<\/div>\n\t\t\t\t<\/div>\n\t\t\t\t\t<\/div>\n\t\t<\/div>\n\t\t\t\t\t\t\t<\/div>\n\t\t<\/section>\n\t\t\t\t\t\t<\/div>\n\t\t\t\t\t<\/div>\n\t\t","protected":false},"excerpt":{"rendered":"<p>Mi imamo rje\u0161enje Tvrtka za proizvodnju regalnih konstrukcija 30 godina iskustva ITS &#8211; RB d.o.o. Standardni regalni sistemi Automatizirano visokoregalno skladi\u0161te Podesti, ljestve penjalice i stubi\u0161ta<\/p>\n","protected":false},"author":2,"featured_media":0,"parent":0,"menu_order":0,"comment_status":"closed","ping_status":"closed","template":"","meta":{"footnotes":""},"class_list":["post-879","page","type-page","status-publish","hentry"],"yoast_head":"<!-- This site is optimized with the Yoast SEO plugin v17.9 - https:\/\/yoast.com\/wordpress\/plugins\/seo\/ -->\n<title>Proizvodi i usluge - its-rb.hr<\/title>\n<meta name=\"description\" content=\"Vode\u0107i u podru\u010dju projektiranja, proizvodnje, monta\u017ee te usluga metalske proizvodnje. Proizvodni program obuhva\u0107a usluge plastificiranja metala na automatskoj liniji za plastificiranje i usluge monta\u017ee vlastitog proizvodnog programa.\" \/>\n<meta name=\"robots\" content=\"index, follow, max-snippet:-1, max-image-preview:large, max-video-preview:-1\" \/>\n<link rel=\"canonical\" href=\"https:\/\/its-rb.hr\/?page_id=879\" \/>\n<meta property=\"og:locale\" content=\"hr_HR\" \/>\n<meta property=\"og:type\" content=\"article\" \/>\n<meta property=\"og:title\" content=\"Proizvodi i usluge - its-rb.hr\" \/>\n<meta property=\"og:description\" content=\"Vode\u0107i u podru\u010dju projektiranja, proizvodnje, monta\u017ee te usluga metalske proizvodnje. Proizvodni program obuhva\u0107a usluge plastificiranja metala na automatskoj liniji za plastificiranje i usluge monta\u017ee vlastitog proizvodnog programa.\" \/>\n<meta property=\"og:url\" content=\"https:\/\/its-rb.hr\/?page_id=879\" \/>\n<meta property=\"og:site_name\" content=\"its-rb.hr\" \/>\n<meta property=\"article:modified_time\" content=\"2022-10-17T13:35:17+00:00\" \/>\n<meta property=\"og:image\" content=\"https:\/\/its-rb.hr\/wp-content\/plugins\/cron-core\/shortcode\/assets\/svg\/stars.svg\" \/>\n<meta name=\"twitter:card\" content=\"summary_large_image\" \/>\n<meta name=\"twitter:label1\" content=\"Procijenjeno vrijeme \u010ditanja\" \/>\n\t<meta name=\"twitter:data1\" content=\"2 minute\" \/>\n<script type=\"application\/ld+json\" class=\"yoast-schema-graph\">{\"@context\":\"https:\/\/schema.org\",\"@graph\":[{\"@type\":\"Organization\",\"@id\":\"https:\/\/its-rb.hr\/#organization\",\"name\":\"its-rb d.o.o.\",\"url\":\"https:\/\/its-rb.hr\/\",\"sameAs\":[],\"logo\":{\"@type\":\"ImageObject\",\"@id\":\"https:\/\/its-rb.hr\/#logo\",\"inLanguage\":\"hr\",\"url\":\"https:\/\/its-rb.hr\/wp-content\/uploads\/2021\/10\/cropped-Picture1.png\",\"contentUrl\":\"https:\/\/its-rb.hr\/wp-content\/uploads\/2021\/10\/cropped-Picture1.png\",\"width\":512,\"height\":512,\"caption\":\"its-rb d.o.o.\"},\"image\":{\"@id\":\"https:\/\/its-rb.hr\/#logo\"}},{\"@type\":\"WebSite\",\"@id\":\"https:\/\/its-rb.hr\/#website\",\"url\":\"https:\/\/its-rb.hr\/\",\"name\":\"its-rb.hr\",\"description\":\"WIP\",\"publisher\":{\"@id\":\"https:\/\/its-rb.hr\/#organization\"},\"potentialAction\":[{\"@type\":\"SearchAction\",\"target\":{\"@type\":\"EntryPoint\",\"urlTemplate\":\"https:\/\/its-rb.hr\/?s={search_term_string}\"},\"query-input\":\"required name=search_term_string\"}],\"inLanguage\":\"hr\"},{\"@type\":\"ImageObject\",\"@id\":\"https:\/\/its-rb.hr\/?page_id=879#primaryimage\",\"inLanguage\":\"hr\",\"url\":\"https:\/\/its-rb.hr\/wp-content\/plugins\/cron-core\/shortcode\/assets\/svg\/stars.svg\",\"contentUrl\":\"https:\/\/its-rb.hr\/wp-content\/plugins\/cron-core\/shortcode\/assets\/svg\/stars.svg\"},{\"@type\":\"WebPage\",\"@id\":\"https:\/\/its-rb.hr\/?page_id=879#webpage\",\"url\":\"https:\/\/its-rb.hr\/?page_id=879\",\"name\":\"Proizvodi i usluge - its-rb.hr\",\"isPartOf\":{\"@id\":\"https:\/\/its-rb.hr\/#website\"},\"primaryImageOfPage\":{\"@id\":\"https:\/\/its-rb.hr\/?page_id=879#primaryimage\"},\"datePublished\":\"2021-11-02T13:15:17+00:00\",\"dateModified\":\"2022-10-17T13:35:17+00:00\",\"description\":\"Vode\\u0107i u podru\\u010dju projektiranja, proizvodnje, monta\\u017ee te usluga metalske proizvodnje. Proizvodni program obuhva\\u0107a usluge plastificiranja metala na automatskoj liniji za plastificiranje i usluge monta\\u017ee vlastitog proizvodnog programa.\",\"breadcrumb\":{\"@id\":\"https:\/\/its-rb.hr\/?page_id=879#breadcrumb\"},\"inLanguage\":\"hr\",\"potentialAction\":[{\"@type\":\"ReadAction\",\"target\":[\"https:\/\/its-rb.hr\/?page_id=879\"]}]},{\"@type\":\"BreadcrumbList\",\"@id\":\"https:\/\/its-rb.hr\/?page_id=879#breadcrumb\",\"itemListElement\":[{\"@type\":\"ListItem\",\"position\":1,\"name\":\"Po\\u010detna stranica\",\"item\":\"https:\/\/its-rb.hr\/\"},{\"@type\":\"ListItem\",\"position\":2,\"name\":\"Proizvodi i usluge\"}]}]}<\/script>\n<!-- \/ Yoast SEO plugin. -->","yoast_head_json":{"title":"Proizvodi i usluge - its-rb.hr","description":"Vode\u0107i u podru\u010dju projektiranja, proizvodnje, monta\u017ee te usluga metalske proizvodnje. Proizvodni program obuhva\u0107a usluge plastificiranja metala na automatskoj liniji za plastificiranje i usluge monta\u017ee vlastitog proizvodnog programa.","robots":{"index":"index","follow":"follow","max-snippet":"max-snippet:-1","max-image-preview":"max-image-preview:large","max-video-preview":"max-video-preview:-1"},"canonical":"https:\/\/its-rb.hr\/?page_id=879","og_locale":"hr_HR","og_type":"article","og_title":"Proizvodi i usluge - its-rb.hr","og_description":"Vode\u0107i u podru\u010dju projektiranja, proizvodnje, monta\u017ee te usluga metalske proizvodnje. Proizvodni program obuhva\u0107a usluge plastificiranja metala na automatskoj liniji za plastificiranje i usluge monta\u017ee vlastitog proizvodnog programa.","og_url":"https:\/\/its-rb.hr\/?page_id=879","og_site_name":"its-rb.hr","article_modified_time":"2022-10-17T13:35:17+00:00","og_image":[{"url":"https:\/\/its-rb.hr\/wp-content\/plugins\/cron-core\/shortcode\/assets\/svg\/stars.svg"}],"twitter_card":"summary_large_image","twitter_misc":{"Procijenjeno vrijeme \u010ditanja":"2 minute"},"schema":{"@context":"https:\/\/schema.org","@graph":[{"@type":"Organization","@id":"https:\/\/its-rb.hr\/#organization","name":"its-rb d.o.o.","url":"https:\/\/its-rb.hr\/","sameAs":[],"logo":{"@type":"ImageObject","@id":"https:\/\/its-rb.hr\/#logo","inLanguage":"hr","url":"https:\/\/its-rb.hr\/wp-content\/uploads\/2021\/10\/cropped-Picture1.png","contentUrl":"https:\/\/its-rb.hr\/wp-content\/uploads\/2021\/10\/cropped-Picture1.png","width":512,"height":512,"caption":"its-rb d.o.o."},"image":{"@id":"https:\/\/its-rb.hr\/#logo"}},{"@type":"WebSite","@id":"https:\/\/its-rb.hr\/#website","url":"https:\/\/its-rb.hr\/","name":"its-rb.hr","description":"WIP","publisher":{"@id":"https:\/\/its-rb.hr\/#organization"},"potentialAction":[{"@type":"SearchAction","target":{"@type":"EntryPoint","urlTemplate":"https:\/\/its-rb.hr\/?s={search_term_string}"},"query-input":"required name=search_term_string"}],"inLanguage":"hr"},{"@type":"ImageObject","@id":"https:\/\/its-rb.hr\/?page_id=879#primaryimage","inLanguage":"hr","url":"https:\/\/its-rb.hr\/wp-content\/plugins\/cron-core\/shortcode\/assets\/svg\/stars.svg","contentUrl":"https:\/\/its-rb.hr\/wp-content\/plugins\/cron-core\/shortcode\/assets\/svg\/stars.svg"},{"@type":"WebPage","@id":"https:\/\/its-rb.hr\/?page_id=879#webpage","url":"https:\/\/its-rb.hr\/?page_id=879","name":"Proizvodi i usluge - its-rb.hr","isPartOf":{"@id":"https:\/\/its-rb.hr\/#website"},"primaryImageOfPage":{"@id":"https:\/\/its-rb.hr\/?page_id=879#primaryimage"},"datePublished":"2021-11-02T13:15:17+00:00","dateModified":"2022-10-17T13:35:17+00:00","description":"Vode\u0107i u podru\u010dju projektiranja, proizvodnje, monta\u017ee te usluga metalske proizvodnje. Proizvodni program obuhva\u0107a usluge plastificiranja metala na automatskoj liniji za plastificiranje i usluge monta\u017ee vlastitog proizvodnog programa.","breadcrumb":{"@id":"https:\/\/its-rb.hr\/?page_id=879#breadcrumb"},"inLanguage":"hr","potentialAction":[{"@type":"ReadAction","target":["https:\/\/its-rb.hr\/?page_id=879"]}]},{"@type":"BreadcrumbList","@id":"https:\/\/its-rb.hr\/?page_id=879#breadcrumb","itemListElement":[{"@type":"ListItem","position":1,"name":"Po\u010detna stranica","item":"https:\/\/its-rb.hr\/"},{"@type":"ListItem","position":2,"name":"Proizvodi i usluge"}]}]}},"_links":{"self":[{"href":"https:\/\/its-rb.hr\/index.php?rest_route=\/wp\/v2\/pages\/879","targetHints":{"allow":["GET"]}}],"collection":[{"href":"https:\/\/its-rb.hr\/index.php?rest_route=\/wp\/v2\/pages"}],"about":[{"href":"https:\/\/its-rb.hr\/index.php?rest_route=\/wp\/v2\/types\/page"}],"author":[{"embeddable":true,"href":"https:\/\/its-rb.hr\/index.php?rest_route=\/wp\/v2\/users\/2"}],"replies":[{"embeddable":true,"href":"https:\/\/its-rb.hr\/index.php?rest_route=%2Fwp%2Fv2%2Fcomments&post=879"}],"version-history":[{"count":13,"href":"https:\/\/its-rb.hr\/index.php?rest_route=\/wp\/v2\/pages\/879\/revisions"}],"predecessor-version":[{"id":2304,"href":"https:\/\/its-rb.hr\/index.php?rest_route=\/wp\/v2\/pages\/879\/revisions\/2304"}],"wp:attachment":[{"href":"https:\/\/its-rb.hr\/index.php?rest_route=%2Fwp%2Fv2%2Fmedia&parent=879"}],"curies":[{"name":"wp","href":"https:\/\/api.w.org\/{rel}","templated":true}]}}